{"id":2604,"date":"2023-09-07T21:49:38","date_gmt":"2023-09-08T00:49:38","guid":{"rendered":"https:\/\/revistacampus.uandes.cl\/2023\/?page_id=2604"},"modified":"2023-09-07T21:49:39","modified_gmt":"2023-09-08T00:49:39","slug":"fernanda-gana","status":"publish","type":"page","link":"https:\/\/revistacampus.uandes.cl\/2023\/fernanda-gana\/","title":{"rendered":"Fernanda Gana"},"content":{"rendered":"\n<section id=\"g2e4221\" class=\"wp-block-gutentor-p4 section-g2e4221 gutentor-post-module gutentor-advanced-post-module\" data-gpid=\"2604\" data-l-ani=\"gp4-animation-1\" data-i-b=\"gutentor\/p1\" data-maxnumpages=\"2\">\n<div id=\"section-g18cb07\" class=\"wp-block-gutentor-e16 section-g18cb07 gutentor-element gutentor-post-header d-none\"><div class=\"grid-container\"><div class=\"grid-row\">\n<div id=\"col-gm4c3887\" class=\"wp-block-gutentor-e15 gutentor-single-column  grid-lg-5 grid-md-5 grid-5\"><div id=\"section-gm4c3887\" class=\"section-gm4c3887 gutentor-col-wrap\">\n<div id=\"section-g522919\" class=\"wp-block-gutentor-e0 section-g522919 gutentor-element gutentor-element-advanced-text\"><div class=\"gutentor-text-wrap\"><h3 class=\"gutentor-text\"><\/h3><\/div><\/div>\n\n\n\n<div id=\"section-g907373\" class=\"wp-block-gutentor-e0 section-g907373 gutentor-element gutentor-element-advanced-text\"><div class=\"gutentor-text-wrap\"><p class=\"gutentor-text\"><\/p><\/div><\/div>\n<\/div><\/div>\n\n\n\n<div id=\"col-gm3a4250\" class=\"wp-block-gutentor-e15 gutentor-single-column  grid-lg-5 grid-md-5 grid-5\"><div id=\"section-gm3a4250\" class=\"section-gm3a4250 gutentor-col-wrap\">\n<div id=\"section-g45ca70\" class=\"wp-block-gutentor-e14 section-g45ca70 gutentor-element gutentor-element-term-filter text-align-center-desktop text-align-center-tablet text-align-left-mobile\"><div class=\"gutentor-filter-navigation\" data-gtax=\"category\" data-gpost=\"post\"><div class=\"gutentor-filter-wrap\"><ul class=\"gutentor-filter-list g-responsive-menu\"><\/ul><\/div><\/div><\/div>\n<\/div><\/div>\n\n\n\n<div id=\"col-gm0f41f0\" class=\"wp-block-gutentor-e15 gutentor-single-column  grid-lg-2 grid-md-2 grid-2\"><div id=\"section-gm0f41f0\" class=\"section-gm0f41f0 gutentor-col-wrap\">\n<div id=\"section-g1d80e3\" class=\"wp-block-gutentor-e13 section-g1d80e3 gutentor-element gutentor-element-navigation text-align-right-desktop text-align-right-tablet text-align-left-mobile\"><div class=\"gutentor-navigation\" data-gpage=\"1\"><ul class=\"gutentor-next-prev\"><li><a class=\"gutentor-disabled g-nav-prev\"><i class=\"fas fa-chevron-left\"><\/i><\/a><\/li><li><a class=\"g-nav-next\"><i class=\"fas fa-chevron-right\"><\/i><\/a><\/li><\/ul><\/div><\/div>\n<\/div><\/div>\n<\/div><\/div><\/div>\n\n\n<section class=\"gutentor-post-module section-279d8412-8083-421a-ac6e-0cb9c6ba213a gutentor-post-module-p1 gutentor_p1_template1 wp-block-gutentor-p1 g-equal-height gutentor-blog-grid\" id=\"279d8412-8083-421a-ac6e-0cb9c6ba213a\" data-gbid=\"279d8412-8083-421a-ac6e-0cb9c6ba213a\" >\n<div class='grid-container'><div class='grid-row' ><article class='gutentor-post  grid-md-4 grid-sm-4 grid-xs-12'><div class='gutentor-post-item'><div class='gutentor-post-image-box'><a class=\"gutentor-post-image-link \" href=\"https:\/\/revistacampus.uandes.cl\/2023\/innovacion-uandes-en-regiones\/\"  rel=\"noopener noreferrer\"><div class=\"gutentor-image-thumb\"><img fetchpriority=\"high\" decoding=\"async\" width=\"1126\" height=\"890\" src=\"https:\/\/revistacampus.uandes.cl\/2023\/wp-content\/uploads\/2023\/09\/Kalpa_Day_-_8112022.jpg\" class=\"attachment-full size-full wp-post-image\" alt=\"\" srcset=\"https:\/\/revistacampus.uandes.cl\/2023\/wp-content\/uploads\/2023\/09\/Kalpa_Day_-_8112022.jpg 1126w, https:\/\/revistacampus.uandes.cl\/2023\/wp-content\/uploads\/2023\/09\/Kalpa_Day_-_8112022-300x237.jpg 300w, https:\/\/revistacampus.uandes.cl\/2023\/wp-content\/uploads\/2023\/09\/Kalpa_Day_-_8112022-1024x809.jpg 1024w, https:\/\/revistacampus.uandes.cl\/2023\/wp-content\/uploads\/2023\/09\/Kalpa_Day_-_8112022-768x607.jpg 768w\" sizes=\"(max-width: 1126px) 100vw, 1126px\" \/><\/div><\/a><\/div><div class=\"gutentor-post-title-data-wrap\"><h3 class=\"gutentor-post-title\"><a href=\"https:\/\/revistacampus.uandes.cl\/2023\/innovacion-uandes-en-regiones\/\" rel=\"bookmark\">Innovaci\u00f3n UANDES en regiones<\/a><\/h3><\/div><div class=\"gutentor-post-desc\">Con el convencimiento de que la ciencia que se desarrolla en el pa\u00eds es de excelencia, la Direcci\u00f3n de Innovaci\u00f3n ha for&hellip;<\/div><div class=\"gutentor-button-wrap\"><\/div><\/div><\/article><\/div><\/div><\/section>\n\n\n<div id=\"section-g810612\" class=\"wp-block-gutentor-e17 section-g810612 gutentor-element gutentor-post-footer d-none\"><div class=\"grid-container\"><div class=\"grid-row\">\n<div id=\"col-gm528128\" class=\"wp-block-gutentor-e15 gutentor-single-column  grid-lg-12 grid-md-12 grid-12\"><div id=\"section-gm528128\" class=\"section-gm528128 gutentor-col-wrap\">\n<div id=\"section-gddbd6b\" class=\"wp-block-gutentor-e12 section-gddbd6b gutentor-element gutentor-element-pagination text-align-center-mobile\"><div class=\"gutentor-pagination-wrap\" data-maxnumpages=\"2\"><ul class=\"gutentor-pagination\"><li class=\"gutentor-pagination-item gutentor-pagination-prev\"><a class=\"gutentor-pagination-link gutentor-disabled\" href=\"#\"><i class=\"fas fa-chevron-left\"><\/i>Anterior<\/a><\/li><li class=\"gutentor-pagination-item gutentor-pagination-active\" data-gpage=\"1\"><a class=\"gutentor-pagination-link\" href=\"#\">1<\/a><\/li><li class=\"gutentor-pagination-item\"><a class=\"gutentor-pagination-link\" href=\"#\" data-gpage=\"2\">2<\/a><\/li><li class=\"gutentor-pagination-item gutentor-pagination-next\"><a class=\"gutentor-pagination-link\" href=\"#\" data-gpage=\"2\">Siguiente<i class=\"fas fa-chevron-right\"><\/i><\/a><\/li><\/ul><\/div><\/div>\n<\/div><\/div>\n<\/div><\/div><\/div>\n<\/section>\n","protected":false},"excerpt":{"rendered":"<div class=\"extr\"> <section id=\"g2e4221\" class=\"wp-block-gutentor-p4 section-g2e4221 gutentor-post-module gutentor-advanced-post-module\" data-gpid=\"2604\" data-l-ani=\"gp4-animation-1\" data-i-b=\"gutentor\/p1\" data-maxnumpages=\"2\"> <div id=\"section-g18cb07\" class=\"wp-block-gutentor-e16 section-g18cb07 gutentor-element gutentor-post-header d-none\"> <div class=\"grid-container\"> <div class=\"grid-row\"> <div id=\"col-gm4c3887\" class=\"wp-block-gutentor-e15 gutentor-single-column  grid-lg-5 grid-md-5 grid-5\"> <div id=\"section-gm4c3887\" class=\"section-gm4c3887 gutentor-col-wrap\"> <div id=\"section-g522919\" class=\"wp-block-gutentor-e0 section-g522919 gutentor-element gutentor-element-advanced-text\"> <div class=\"gutentor-text-wrap\"> <h3 class=\"gutentor-text\"> <\/h3> <\/div> <\/div> <div id=\"section-g907373\" class=\"wp-block-gutentor-e0 section-g907373 gutentor-element gutentor-element-advanced-text\"> <div class=\"gutentor-text-wrap\"> <p class=\"gutentor-text\"> <\/p> <\/div> <\/div> <\/div> <\/div> <div id=\"col-gm3a4250\" class=\"wp-block-gutentor-e15 gutentor-single-column  grid-lg-5 grid-md-5 grid-5\"> <div id=\"section-gm3a4250\" class=\"section-gm3a4250 gutentor-col-wrap\"> <div id=\"section-g45ca70\" class=\"wp-block-gutentor-e14 section-g45ca70 gutentor-element gutentor-element-term-filter text-align-center-desktop text-align-center-tablet text-align-left-mobile\"> <div class=\"gutentor-filter-navigation\" data-gtax=\"category\" data-gpost=\"post\"> <div class=\"gutentor-filter-wrap\"> <ul class=\"gutentor-filter-list g-responsive-menu\"> <\/ul> <\/div> <\/div> <\/div> <\/div> <\/div> <div id=\"col-gm0f41f0\" class=\"wp-block-gutentor-e15 gutentor-single-column  grid-lg-2 grid-md-2 grid-2\"> <div id=\"section-gm0f41f0\" class=\"section-gm0f41f0 gutentor-col-wrap\"> <div id=\"section-g1d80e3\" class=\"wp-block-gutentor-e13 section-g1d80e3 gutentor-element gutentor-element-navigation text-align-right-desktop text-align-right-tablet text-align-left-mobile\"> <div class=\"gutentor-navigation\" data-gpage=\"1\"> <ul class=\"gutentor-next-prev\"> <li> <a class=\"gutentor-disabled g-nav-prev\"> <i class=\"fas fa-chevron-left\"> <\/i> <\/a> <\/li> <li> <a class=\"g-nav-next\"> <i class=\"fas fa-chevron-right\"> <\/i> <\/a> <\/li> <\/ul> <\/div> <\/div> <\/div> <\/div> <\/div> <\/div> <\/div> <div id=\"section-g810612\" class=\"wp-block-gutentor-e17 section-g810612 gutentor-element gutentor-post-footer d-none\"> <div class=\"grid-container\"> <div class=\"grid-row\"> <div id=\"col-gm528128\" class=\"wp-block-gutentor-e15 gutentor-single-column  grid-lg-12 grid-md-12 grid-12\"> <div id=\"section-gm528128\" class=\"section-gm528128 gutentor-col-wrap\"> <div id=\"section-gddbd6b\" class=\"wp-block-gutentor-e12 section-gddbd6b gutentor-element gutentor-element-pagination text-align-center-mobile\"> <div class=\"gutentor-pagination-wrap\" data-maxnumpages=\"2\"> <ul class=\"gutentor-pagination\"> <li class=\"gutentor-pagination-item gutentor-pagination-prev\"> <a class=\"gutentor-pagination-link gutentor-disabled\" href=\"#\"> <i class=\"fas fa-chevron-left\"> <\/i> Anterior<\/a><\/li><li class=\"gutentor-pagination-item gutentor-pagination-active\" data-gpage=\"1\"><a class=\"gutentor-pagination-link\" href=\"#\">1<\/a><\/li><li class=\"gutentor-pagination-item\"><a class=\"gutentor-pagination-link\" href=\"#\" data-gpage=\"2\">2<\/a><\/li><li class=\"gutentor-pagination-item gutentor-pagination-next\"><a class=\"gutentor-pagination-link\" href=\"#\" data-gpage=\"2\">Siguiente<i class=\"fas fa-chevron-right\"><\/i><\/a><\/li><\/ul><\/div><\/div> <\/div> <\/div> <\/div> <\/div> <\/div>...<\/section><\/div>","protected":false},"author":1,"featured_media":0,"parent":0,"menu_order":0,"comment_status":"closed","ping_status":"closed","template":"","meta":{"footnotes":""},"class_list":["post-2604","page","type-page","status-publish","hentry"],"_links":{"self":[{"href":"https:\/\/revistacampus.uandes.cl\/2023\/wp-json\/wp\/v2\/pages\/2604","targetHints":{"allow":["GET"]}}],"collection":[{"href":"https:\/\/revistacampus.uandes.cl\/2023\/wp-json\/wp\/v2\/pages"}],"about":[{"href":"https:\/\/revistacampus.uandes.cl\/2023\/wp-json\/wp\/v2\/types\/page"}],"author":[{"embeddable":true,"href":"https:\/\/revistacampus.uandes.cl\/2023\/wp-json\/wp\/v2\/users\/1"}],"replies":[{"embeddable":true,"href":"https:\/\/revistacampus.uandes.cl\/2023\/wp-json\/wp\/v2\/comments?post=2604"}],"version-history":[{"count":1,"href":"https:\/\/revistacampus.uandes.cl\/2023\/wp-json\/wp\/v2\/pages\/2604\/revisions"}],"predecessor-version":[{"id":2605,"href":"https:\/\/revistacampus.uandes.cl\/2023\/wp-json\/wp\/v2\/pages\/2604\/revisions\/2605"}],"wp:attachment":[{"href":"https:\/\/revistacampus.uandes.cl\/2023\/wp-json\/wp\/v2\/media?parent=2604"}],"curies":[{"name":"wp","href":"https:\/\/api.w.org\/{rel}","templated":true}]}}