{"id":2591,"date":"2023-09-07T21:39:34","date_gmt":"2023-09-08T00:39:34","guid":{"rendered":"https:\/\/revistacampus.uandes.cl\/2023\/?page_id=2591"},"modified":"2023-09-07T21:39:35","modified_gmt":"2023-09-08T00:39:35","slug":"marta-castillo","status":"publish","type":"page","link":"https:\/\/revistacampus.uandes.cl\/2023\/marta-castillo\/","title":{"rendered":"Marta Castillo"},"content":{"rendered":"\n<section id=\"g456602\" class=\"wp-block-gutentor-p4 section-g456602 gutentor-post-module gutentor-advanced-post-module\" data-gpid=\"2591\" data-l-ani=\"gp4-animation-1\" data-i-b=\"gutentor\/p1\" data-maxnumpages=\"2\">\n<div id=\"section-gae1762\" class=\"wp-block-gutentor-e16 section-gae1762 gutentor-element gutentor-post-header d-none\"><div class=\"grid-container\"><div class=\"grid-row\">\n<div id=\"col-gm29579b\" class=\"wp-block-gutentor-e15 gutentor-single-column  grid-lg-5 grid-md-5 grid-5\"><div id=\"section-gm29579b\" class=\"section-gm29579b gutentor-col-wrap\">\n<div id=\"section-gdeec60\" class=\"wp-block-gutentor-e0 section-gdeec60 gutentor-element gutentor-element-advanced-text\"><div class=\"gutentor-text-wrap\"><h3 class=\"gutentor-text\"><\/h3><\/div><\/div>\n\n\n\n<div id=\"section-gb1da23\" class=\"wp-block-gutentor-e0 section-gb1da23 gutentor-element gutentor-element-advanced-text\"><div class=\"gutentor-text-wrap\"><p class=\"gutentor-text\"><\/p><\/div><\/div>\n<\/div><\/div>\n\n\n\n<div id=\"col-gma4ac74\" class=\"wp-block-gutentor-e15 gutentor-single-column  grid-lg-5 grid-md-5 grid-5\"><div id=\"section-gma4ac74\" class=\"section-gma4ac74 gutentor-col-wrap\">\n<div id=\"section-g6bdfa2\" class=\"wp-block-gutentor-e14 section-g6bdfa2 gutentor-element gutentor-element-term-filter text-align-center-desktop text-align-center-tablet text-align-left-mobile\"><div class=\"gutentor-filter-navigation\" data-gtax=\"category\" data-gpost=\"post\"><div class=\"gutentor-filter-wrap\"><ul class=\"gutentor-filter-list g-responsive-menu\"><\/ul><\/div><\/div><\/div>\n<\/div><\/div>\n\n\n\n<div id=\"col-gm69fca0\" class=\"wp-block-gutentor-e15 gutentor-single-column  grid-lg-2 grid-md-2 grid-2\"><div id=\"section-gm69fca0\" class=\"section-gm69fca0 gutentor-col-wrap\">\n<div id=\"section-g034af5\" class=\"wp-block-gutentor-e13 section-g034af5 gutentor-element gutentor-element-navigation text-align-right-desktop text-align-right-tablet text-align-left-mobile\"><div class=\"gutentor-navigation\" data-gpage=\"1\"><ul class=\"gutentor-next-prev\"><li><a class=\"gutentor-disabled g-nav-prev\"><i class=\"fas fa-chevron-left\"><\/i><\/a><\/li><li><a class=\"g-nav-next\"><i class=\"fas fa-chevron-right\"><\/i><\/a><\/li><\/ul><\/div><\/div>\n<\/div><\/div>\n<\/div><\/div><\/div>\n\n\n<section class=\"gutentor-post-module section-2be5cadf-6c9b-42d1-8d99-48bcac5b8e27 gutentor-post-module-p1 gutentor_p1_template1 wp-block-gutentor-p1 g-equal-height gutentor-blog-grid\" id=\"2be5cadf-6c9b-42d1-8d99-48bcac5b8e27\" data-gbid=\"2be5cadf-6c9b-42d1-8d99-48bcac5b8e27\" >\n<div class='grid-container'><div class='grid-row' ><article class='gutentor-post  grid-md-4 grid-sm-4 grid-xs-12'><div class='gutentor-post-item'><div class='gutentor-post-image-box'><a class=\"gutentor-post-image-link \" href=\"https:\/\/revistacampus.uandes.cl\/2023\/salvador-allende-50-anos-despues\/\"  rel=\"noopener noreferrer\"><div class=\"gutentor-image-thumb\"><img fetchpriority=\"high\" decoding=\"async\" width=\"1280\" height=\"720\" src=\"https:\/\/revistacampus.uandes.cl\/2023\/wp-content\/uploads\/2023\/08\/mansuy.jpg\" class=\"attachment-full size-full wp-post-image\" alt=\"\" srcset=\"https:\/\/revistacampus.uandes.cl\/2023\/wp-content\/uploads\/2023\/08\/mansuy.jpg 1280w, https:\/\/revistacampus.uandes.cl\/2023\/wp-content\/uploads\/2023\/08\/mansuy-300x169.jpg 300w, https:\/\/revistacampus.uandes.cl\/2023\/wp-content\/uploads\/2023\/08\/mansuy-1024x576.jpg 1024w, https:\/\/revistacampus.uandes.cl\/2023\/wp-content\/uploads\/2023\/08\/mansuy-768x432.jpg 768w\" sizes=\"(max-width: 1280px) 100vw, 1280px\" \/><\/div><\/a><\/div><div class=\"gutentor-post-title-data-wrap\"><h3 class=\"gutentor-post-title\"><a href=\"https:\/\/revistacampus.uandes.cl\/2023\/salvador-allende-50-anos-despues\/\" rel=\"bookmark\">Salvador Allende 50 a\u00f1os despu\u00e9s<\/a><\/h3><\/div><div class=\"gutentor-post-desc\">Seg\u00fan Mansuy&hellip;<\/div><div class=\"gutentor-button-wrap\"><\/div><\/div><\/article><article class='gutentor-post  grid-md-4 grid-sm-4 grid-xs-12'><div class='gutentor-post-item'><div class='gutentor-post-image-box'><a class=\"gutentor-post-image-link \" href=\"https:\/\/revistacampus.uandes.cl\/2023\/donde-esta-la-verdad\/\"  rel=\"noopener noreferrer\"><div class=\"gutentor-image-thumb\"><img decoding=\"async\" width=\"760\" height=\"328\" src=\"https:\/\/revistacampus.uandes.cl\/2023\/wp-content\/uploads\/2023\/08\/leer.png\" class=\"attachment-full size-full wp-post-image\" alt=\"\" srcset=\"https:\/\/revistacampus.uandes.cl\/2023\/wp-content\/uploads\/2023\/08\/leer.png 760w, https:\/\/revistacampus.uandes.cl\/2023\/wp-content\/uploads\/2023\/08\/leer-300x129.png 300w\" sizes=\"(max-width: 760px) 100vw, 760px\" \/><\/div><\/a><\/div><div class=\"gutentor-post-title-data-wrap\"><h3 class=\"gutentor-post-title\"><a href=\"https:\/\/revistacampus.uandes.cl\/2023\/donde-esta-la-verdad\/\" rel=\"bookmark\">D\u00f3nde est\u00e1 la Verdad<\/a><\/h3><\/div><div class=\"gutentor-post-desc\">Dos fil\u00f3sofos comparten su visi\u00f3n acerca de la unidad del ser humano. El profesor Jorge Pe\u00f1a, a punto de publicar su lib&hellip;<\/div><div class=\"gutentor-button-wrap\"><\/div><\/div><\/article><\/div><\/div><\/section>\n\n\n<div id=\"section-g8605c6\" class=\"wp-block-gutentor-e17 section-g8605c6 gutentor-element gutentor-post-footer d-none\"><div class=\"grid-container\"><div class=\"grid-row\">\n<div id=\"col-gm317058\" class=\"wp-block-gutentor-e15 gutentor-single-column  grid-lg-12 grid-md-12 grid-12\"><div id=\"section-gm317058\" class=\"section-gm317058 gutentor-col-wrap\">\n<div id=\"section-g3417c9\" class=\"wp-block-gutentor-e12 section-g3417c9 gutentor-element gutentor-element-pagination text-align-center-mobile\"><div class=\"gutentor-pagination-wrap\" data-maxnumpages=\"2\"><ul class=\"gutentor-pagination\"><li class=\"gutentor-pagination-item gutentor-pagination-prev\"><a class=\"gutentor-pagination-link gutentor-disabled\" href=\"#\"><i class=\"fas fa-chevron-left\"><\/i>Anterior<\/a><\/li><li class=\"gutentor-pagination-item gutentor-pagination-active\" data-gpage=\"1\"><a class=\"gutentor-pagination-link\" href=\"#\">1<\/a><\/li><li class=\"gutentor-pagination-item\"><a class=\"gutentor-pagination-link\" href=\"#\" data-gpage=\"2\">2<\/a><\/li><li class=\"gutentor-pagination-item gutentor-pagination-next\"><a class=\"gutentor-pagination-link\" href=\"#\" data-gpage=\"2\">Siguiente<i class=\"fas fa-chevron-right\"><\/i><\/a><\/li><\/ul><\/div><\/div>\n<\/div><\/div>\n<\/div><\/div><\/div>\n<\/section>\n","protected":false},"excerpt":{"rendered":"<div class=\"extr\"> <section id=\"g456602\" class=\"wp-block-gutentor-p4 section-g456602 gutentor-post-module gutentor-advanced-post-module\" data-gpid=\"2591\" data-l-ani=\"gp4-animation-1\" data-i-b=\"gutentor\/p1\" data-maxnumpages=\"2\"> <div id=\"section-gae1762\" class=\"wp-block-gutentor-e16 section-gae1762 gutentor-element gutentor-post-header d-none\"> <div class=\"grid-container\"> <div class=\"grid-row\"> <div id=\"col-gm29579b\" class=\"wp-block-gutentor-e15 gutentor-single-column  grid-lg-5 grid-md-5 grid-5\"> <div id=\"section-gm29579b\" class=\"section-gm29579b gutentor-col-wrap\"> <div id=\"section-gdeec60\" class=\"wp-block-gutentor-e0 section-gdeec60 gutentor-element gutentor-element-advanced-text\"> <div class=\"gutentor-text-wrap\"> <h3 class=\"gutentor-text\"> <\/h3> <\/div> <\/div> <div id=\"section-gb1da23\" class=\"wp-block-gutentor-e0 section-gb1da23 gutentor-element gutentor-element-advanced-text\"> <div class=\"gutentor-text-wrap\"> <p class=\"gutentor-text\"> <\/p> <\/div> <\/div> <\/div> <\/div> <div id=\"col-gma4ac74\" class=\"wp-block-gutentor-e15 gutentor-single-column  grid-lg-5 grid-md-5 grid-5\"> <div id=\"section-gma4ac74\" class=\"section-gma4ac74 gutentor-col-wrap\"> <div id=\"section-g6bdfa2\" class=\"wp-block-gutentor-e14 section-g6bdfa2 gutentor-element gutentor-element-term-filter text-align-center-desktop text-align-center-tablet text-align-left-mobile\"> <div class=\"gutentor-filter-navigation\" data-gtax=\"category\" data-gpost=\"post\"> <div class=\"gutentor-filter-wrap\"> <ul class=\"gutentor-filter-list g-responsive-menu\"> <\/ul> <\/div> <\/div> <\/div> <\/div> <\/div> <div id=\"col-gm69fca0\" class=\"wp-block-gutentor-e15 gutentor-single-column  grid-lg-2 grid-md-2 grid-2\"> <div id=\"section-gm69fca0\" class=\"section-gm69fca0 gutentor-col-wrap\"> <div id=\"section-g034af5\" class=\"wp-block-gutentor-e13 section-g034af5 gutentor-element gutentor-element-navigation text-align-right-desktop text-align-right-tablet text-align-left-mobile\"> <div class=\"gutentor-navigation\" data-gpage=\"1\"> <ul class=\"gutentor-next-prev\"> <li> <a class=\"gutentor-disabled g-nav-prev\"> <i class=\"fas fa-chevron-left\"> <\/i> <\/a> <\/li> <li> <a class=\"g-nav-next\"> <i class=\"fas fa-chevron-right\"> <\/i> <\/a> <\/li> <\/ul> <\/div> <\/div> <\/div> <\/div> <\/div> <\/div> <\/div> <div id=\"section-g8605c6\" class=\"wp-block-gutentor-e17 section-g8605c6 gutentor-element gutentor-post-footer d-none\"> <div class=\"grid-container\"> <div class=\"grid-row\"> <div id=\"col-gm317058\" class=\"wp-block-gutentor-e15 gutentor-single-column  grid-lg-12 grid-md-12 grid-12\"> <div id=\"section-gm317058\" class=\"section-gm317058 gutentor-col-wrap\"> <div id=\"section-g3417c9\" class=\"wp-block-gutentor-e12 section-g3417c9 gutentor-element gutentor-element-pagination text-align-center-mobile\"> <div class=\"gutentor-pagination-wrap\" data-maxnumpages=\"2\"> <ul class=\"gutentor-pagination\"> <li class=\"gutentor-pagination-item gutentor-pagination-prev\"> <a class=\"gutentor-pagination-link gutentor-disabled\" href=\"#\"> <i class=\"fas fa-chevron-left\"> <\/i> Anterior<\/a><\/li><li class=\"gutentor-pagination-item gutentor-pagination-active\" data-gpage=\"1\"><a class=\"gutentor-pagination-link\" href=\"#\">1<\/a><\/li><li class=\"gutentor-pagination-item\"><a class=\"gutentor-pagination-link\" href=\"#\" data-gpage=\"2\">2<\/a><\/li><li class=\"gutentor-pagination-item gutentor-pagination-next\"><a class=\"gutentor-pagination-link\" href=\"#\" data-gpage=\"2\">Siguiente<i class=\"fas fa-chevron-right\"><\/i><\/a><\/li><\/ul><\/div><\/div> <\/div> <\/div> <\/div> <\/div> <\/div>...<\/section><\/div>","protected":false},"author":1,"featured_media":0,"parent":0,"menu_order":0,"comment_status":"closed","ping_status":"closed","template":"","meta":{"footnotes":""},"class_list":["post-2591","page","type-page","status-publish","hentry"],"_links":{"self":[{"href":"https:\/\/revistacampus.uandes.cl\/2023\/wp-json\/wp\/v2\/pages\/2591","targetHints":{"allow":["GET"]}}],"collection":[{"href":"https:\/\/revistacampus.uandes.cl\/2023\/wp-json\/wp\/v2\/pages"}],"about":[{"href":"https:\/\/revistacampus.uandes.cl\/2023\/wp-json\/wp\/v2\/types\/page"}],"author":[{"embeddable":true,"href":"https:\/\/revistacampus.uandes.cl\/2023\/wp-json\/wp\/v2\/users\/1"}],"replies":[{"embeddable":true,"href":"https:\/\/revistacampus.uandes.cl\/2023\/wp-json\/wp\/v2\/comments?post=2591"}],"version-history":[{"count":1,"href":"https:\/\/revistacampus.uandes.cl\/2023\/wp-json\/wp\/v2\/pages\/2591\/revisions"}],"predecessor-version":[{"id":2593,"href":"https:\/\/revistacampus.uandes.cl\/2023\/wp-json\/wp\/v2\/pages\/2591\/revisions\/2593"}],"wp:attachment":[{"href":"https:\/\/revistacampus.uandes.cl\/2023\/wp-json\/wp\/v2\/media?parent=2591"}],"curies":[{"name":"wp","href":"https:\/\/api.w.org\/{rel}","templated":true}]}}