{"id":2589,"date":"2023-09-07T21:38:07","date_gmt":"2023-09-08T00:38:07","guid":{"rendered":"https:\/\/revistacampus.uandes.cl\/2023\/?page_id=2589"},"modified":"2023-09-07T21:38:59","modified_gmt":"2023-09-08T00:38:59","slug":"francisca-miranda","status":"publish","type":"page","link":"https:\/\/revistacampus.uandes.cl\/2023\/francisca-miranda\/","title":{"rendered":"Francisca Miranda"},"content":{"rendered":"\n<section id=\"ge96888\" class=\"wp-block-gutentor-p4 section-ge96888 gutentor-post-module gutentor-advanced-post-module\" data-gpid=\"2589\" data-l-ani=\"gp4-animation-1\" data-i-b=\"gutentor\/p1\" data-maxnumpages=\"2\">\n<div id=\"section-g2b6a96\" class=\"wp-block-gutentor-e16 section-g2b6a96 gutentor-element gutentor-post-header d-none\"><div class=\"grid-container\"><div class=\"grid-row\">\n<div id=\"col-gm5d466c\" class=\"wp-block-gutentor-e15 gutentor-single-column  grid-lg-5 grid-md-5 grid-5\"><div id=\"section-gm5d466c\" class=\"section-gm5d466c gutentor-col-wrap\">\n<div id=\"section-g597553\" class=\"wp-block-gutentor-e0 section-g597553 gutentor-element gutentor-element-advanced-text\"><div class=\"gutentor-text-wrap\"><h3 class=\"gutentor-text\"><\/h3><\/div><\/div>\n\n\n\n<div id=\"section-g44cf6a\" class=\"wp-block-gutentor-e0 section-g44cf6a gutentor-element gutentor-element-advanced-text\"><div class=\"gutentor-text-wrap\"><p class=\"gutentor-text\"><\/p><\/div><\/div>\n<\/div><\/div>\n\n\n\n<div id=\"col-gm703495\" class=\"wp-block-gutentor-e15 gutentor-single-column  grid-lg-5 grid-md-5 grid-5\"><div id=\"section-gm703495\" class=\"section-gm703495 gutentor-col-wrap\">\n<div id=\"section-gd522e8\" class=\"wp-block-gutentor-e14 section-gd522e8 gutentor-element gutentor-element-term-filter text-align-center-desktop text-align-center-tablet text-align-left-mobile\"><div class=\"gutentor-filter-navigation\" data-gtax=\"category\" data-gpost=\"post\"><div class=\"gutentor-filter-wrap\"><ul class=\"gutentor-filter-list g-responsive-menu\"><\/ul><\/div><\/div><\/div>\n<\/div><\/div>\n\n\n\n<div id=\"col-gmd31a70\" class=\"wp-block-gutentor-e15 gutentor-single-column  grid-lg-2 grid-md-2 grid-2\"><div id=\"section-gmd31a70\" class=\"section-gmd31a70 gutentor-col-wrap\">\n<div id=\"section-g95102c\" class=\"wp-block-gutentor-e13 section-g95102c gutentor-element gutentor-element-navigation text-align-right-desktop text-align-right-tablet text-align-left-mobile\"><div class=\"gutentor-navigation\" data-gpage=\"1\"><ul class=\"gutentor-next-prev\"><li><a class=\"gutentor-disabled g-nav-prev\"><i class=\"fas fa-chevron-left\"><\/i><\/a><\/li><li><a class=\"g-nav-next\"><i class=\"fas fa-chevron-right\"><\/i><\/a><\/li><\/ul><\/div><\/div>\n<\/div><\/div>\n<\/div><\/div><\/div>\n\n\n<section class=\"gutentor-post-module section-ee41d1ac-7582-4e9a-9886-43684cdd3e50 gutentor-post-module-p1 gutentor_p1_template1 wp-block-gutentor-p1 g-equal-height gutentor-blog-grid\" id=\"ee41d1ac-7582-4e9a-9886-43684cdd3e50\" data-gbid=\"ee41d1ac-7582-4e9a-9886-43684cdd3e50\" >\n<div class='grid-container'><div class='grid-row' ><article class='gutentor-post  grid-md-4 grid-sm-4 grid-xs-12'><div class='gutentor-post-item'><div class='gutentor-post-image-box'><a class=\"gutentor-post-image-link \" href=\"https:\/\/revistacampus.uandes.cl\/2023\/tres-miradas-a-benedicto-xvi\/\"  rel=\"noopener noreferrer\"><div class=\"gutentor-image-thumb\"><img fetchpriority=\"high\" decoding=\"async\" width=\"1134\" height=\"638\" src=\"https:\/\/revistacampus.uandes.cl\/2023\/wp-content\/uploads\/2023\/09\/20221229T1230-OBIT-BENEDICT-1753625-1.jpeg\" class=\"attachment-full size-full wp-post-image\" alt=\"\" srcset=\"https:\/\/revistacampus.uandes.cl\/2023\/wp-content\/uploads\/2023\/09\/20221229T1230-OBIT-BENEDICT-1753625-1.jpeg 1134w, https:\/\/revistacampus.uandes.cl\/2023\/wp-content\/uploads\/2023\/09\/20221229T1230-OBIT-BENEDICT-1753625-1-300x169.jpeg 300w, https:\/\/revistacampus.uandes.cl\/2023\/wp-content\/uploads\/2023\/09\/20221229T1230-OBIT-BENEDICT-1753625-1-1024x576.jpeg 1024w, https:\/\/revistacampus.uandes.cl\/2023\/wp-content\/uploads\/2023\/09\/20221229T1230-OBIT-BENEDICT-1753625-1-768x432.jpeg 768w\" sizes=\"(max-width: 1134px) 100vw, 1134px\" \/><\/div><\/a><\/div><div class=\"gutentor-post-title-data-wrap\"><h3 class=\"gutentor-post-title\"><a href=\"https:\/\/revistacampus.uandes.cl\/2023\/tres-miradas-a-benedicto-xvi\/\" rel=\"bookmark\">Tres miradas a Benedicto XVI<\/a><\/h3><\/div><div class=\"gutentor-post-desc\">Durante su pontificado dej\u00f3 un profundo magisterio, cuya influencia durar\u00e1 por siglos.\n\n\n\nJoseph Ratzinger ser\u00e1 recordad&hellip;<\/div><div class=\"gutentor-button-wrap\"><\/div><\/div><\/article><article class='gutentor-post  grid-md-4 grid-sm-4 grid-xs-12'><div class='gutentor-post-item'><div class='gutentor-post-image-box'><a class=\"gutentor-post-image-link \" href=\"https:\/\/revistacampus.uandes.cl\/2023\/ensenar-aprender-e-investigar-con-inteligencia-artificial-ia\/\"  rel=\"noopener noreferrer\"><div class=\"gutentor-image-thumb\"><img decoding=\"async\" width=\"1417\" height=\"945\" src=\"https:\/\/revistacampus.uandes.cl\/2023\/wp-content\/uploads\/2023\/09\/IA.jpeg\" class=\"attachment-full size-full wp-post-image\" alt=\"\" srcset=\"https:\/\/revistacampus.uandes.cl\/2023\/wp-content\/uploads\/2023\/09\/IA.jpeg 1417w, https:\/\/revistacampus.uandes.cl\/2023\/wp-content\/uploads\/2023\/09\/IA-300x200.jpeg 300w, https:\/\/revistacampus.uandes.cl\/2023\/wp-content\/uploads\/2023\/09\/IA-1024x683.jpeg 1024w, https:\/\/revistacampus.uandes.cl\/2023\/wp-content\/uploads\/2023\/09\/IA-768x512.jpeg 768w\" sizes=\"(max-width: 1417px) 100vw, 1417px\" \/><\/div><\/a><\/div><div class=\"gutentor-post-title-data-wrap\"><h3 class=\"gutentor-post-title\"><a href=\"https:\/\/revistacampus.uandes.cl\/2023\/ensenar-aprender-e-investigar-con-inteligencia-artificial-ia\/\" rel=\"bookmark\">Ense\u00f1ar, aprender e investigar con Inteligencia Artificial<\/a><\/h3><\/div><div class=\"gutentor-post-desc\">Investigadores de Ingenier\u00eda ya utilizan IA para desarrollar diagn\u00f3sticos m\u00e9dicos, reconocimiento visual y detecci\u00f3n del&hellip;<\/div><div class=\"gutentor-button-wrap\"><\/div><\/div><\/article><\/div><\/div><\/section>\n\n\n<div id=\"section-g939f5e\" class=\"wp-block-gutentor-e17 section-g939f5e gutentor-element gutentor-post-footer d-none\"><div class=\"grid-container\"><div class=\"grid-row\">\n<div id=\"col-gm18d990\" class=\"wp-block-gutentor-e15 gutentor-single-column  grid-lg-12 grid-md-12 grid-12\"><div id=\"section-gm18d990\" class=\"section-gm18d990 gutentor-col-wrap\">\n<div id=\"section-gbe6ca1\" class=\"wp-block-gutentor-e12 section-gbe6ca1 gutentor-element gutentor-element-pagination text-align-center-mobile\"><div class=\"gutentor-pagination-wrap\" data-maxnumpages=\"2\"><ul class=\"gutentor-pagination\"><li class=\"gutentor-pagination-item gutentor-pagination-prev\"><a class=\"gutentor-pagination-link gutentor-disabled\" href=\"#\"><i class=\"fas fa-chevron-left\"><\/i>Anterior<\/a><\/li><li class=\"gutentor-pagination-item gutentor-pagination-active\" data-gpage=\"1\"><a class=\"gutentor-pagination-link\" href=\"#\">1<\/a><\/li><li class=\"gutentor-pagination-item\"><a class=\"gutentor-pagination-link\" href=\"#\" data-gpage=\"2\">2<\/a><\/li><li class=\"gutentor-pagination-item gutentor-pagination-next\"><a class=\"gutentor-pagination-link\" href=\"#\" data-gpage=\"2\">Siguiente<i class=\"fas fa-chevron-right\"><\/i><\/a><\/li><\/ul><\/div><\/div>\n<\/div><\/div>\n<\/div><\/div><\/div>\n<\/section>\n","protected":false},"excerpt":{"rendered":"<div class=\"extr\"> <section id=\"ge96888\" class=\"wp-block-gutentor-p4 section-ge96888 gutentor-post-module gutentor-advanced-post-module\" data-gpid=\"2589\" data-l-ani=\"gp4-animation-1\" data-i-b=\"gutentor\/p1\" data-maxnumpages=\"2\"> <div id=\"section-g2b6a96\" class=\"wp-block-gutentor-e16 section-g2b6a96 gutentor-element gutentor-post-header d-none\"> <div class=\"grid-container\"> <div class=\"grid-row\"> <div id=\"col-gm5d466c\" class=\"wp-block-gutentor-e15 gutentor-single-column  grid-lg-5 grid-md-5 grid-5\"> <div id=\"section-gm5d466c\" class=\"section-gm5d466c gutentor-col-wrap\"> <div id=\"section-g597553\" class=\"wp-block-gutentor-e0 section-g597553 gutentor-element gutentor-element-advanced-text\"> <div class=\"gutentor-text-wrap\"> <h3 class=\"gutentor-text\"> <\/h3> <\/div> <\/div> <div id=\"section-g44cf6a\" class=\"wp-block-gutentor-e0 section-g44cf6a gutentor-element gutentor-element-advanced-text\"> <div class=\"gutentor-text-wrap\"> <p class=\"gutentor-text\"> <\/p> <\/div> <\/div> <\/div> <\/div> <div id=\"col-gm703495\" class=\"wp-block-gutentor-e15 gutentor-single-column  grid-lg-5 grid-md-5 grid-5\"> <div id=\"section-gm703495\" class=\"section-gm703495 gutentor-col-wrap\"> <div id=\"section-gd522e8\" class=\"wp-block-gutentor-e14 section-gd522e8 gutentor-element gutentor-element-term-filter text-align-center-desktop text-align-center-tablet text-align-left-mobile\"> <div class=\"gutentor-filter-navigation\" data-gtax=\"category\" data-gpost=\"post\"> <div class=\"gutentor-filter-wrap\"> <ul class=\"gutentor-filter-list g-responsive-menu\"> <\/ul> <\/div> <\/div> <\/div> <\/div> <\/div> <div id=\"col-gmd31a70\" class=\"wp-block-gutentor-e15 gutentor-single-column  grid-lg-2 grid-md-2 grid-2\"> <div id=\"section-gmd31a70\" class=\"section-gmd31a70 gutentor-col-wrap\"> <div id=\"section-g95102c\" class=\"wp-block-gutentor-e13 section-g95102c gutentor-element gutentor-element-navigation text-align-right-desktop text-align-right-tablet text-align-left-mobile\"> <div class=\"gutentor-navigation\" data-gpage=\"1\"> <ul class=\"gutentor-next-prev\"> <li> <a class=\"gutentor-disabled g-nav-prev\"> <i class=\"fas fa-chevron-left\"> <\/i> <\/a> <\/li> <li> <a class=\"g-nav-next\"> <i class=\"fas fa-chevron-right\"> <\/i> <\/a> <\/li> <\/ul> <\/div> <\/div> <\/div> <\/div> <\/div> <\/div> <\/div> <div id=\"section-g939f5e\" class=\"wp-block-gutentor-e17 section-g939f5e gutentor-element gutentor-post-footer d-none\"> <div class=\"grid-container\"> <div class=\"grid-row\"> <div id=\"col-gm18d990\" class=\"wp-block-gutentor-e15 gutentor-single-column  grid-lg-12 grid-md-12 grid-12\"> <div id=\"section-gm18d990\" class=\"section-gm18d990 gutentor-col-wrap\"> <div id=\"section-gbe6ca1\" class=\"wp-block-gutentor-e12 section-gbe6ca1 gutentor-element gutentor-element-pagination text-align-center-mobile\"> <div class=\"gutentor-pagination-wrap\" data-maxnumpages=\"2\"> <ul class=\"gutentor-pagination\"> <li class=\"gutentor-pagination-item gutentor-pagination-prev\"> <a class=\"gutentor-pagination-link gutentor-disabled\" href=\"#\"> <i class=\"fas fa-chevron-left\"> <\/i> Anterior<\/a><\/li><li class=\"gutentor-pagination-item gutentor-pagination-active\" data-gpage=\"1\"><a class=\"gutentor-pagination-link\" href=\"#\">1<\/a><\/li><li class=\"gutentor-pagination-item\"><a class=\"gutentor-pagination-link\" href=\"#\" data-gpage=\"2\">2<\/a><\/li><li class=\"gutentor-pagination-item gutentor-pagination-next\"><a class=\"gutentor-pagination-link\" href=\"#\" data-gpage=\"2\">Siguiente<i class=\"fas fa-chevron-right\"><\/i><\/a><\/li><\/ul><\/div><\/div> <\/div> <\/div> <\/div> <\/div> <\/div>...<\/section><\/div>","protected":false},"author":1,"featured_media":0,"parent":0,"menu_order":0,"comment_status":"closed","ping_status":"closed","template":"","meta":{"footnotes":""},"class_list":["post-2589","page","type-page","status-publish","hentry"],"_links":{"self":[{"href":"https:\/\/revistacampus.uandes.cl\/2023\/wp-json\/wp\/v2\/pages\/2589","targetHints":{"allow":["GET"]}}],"collection":[{"href":"https:\/\/revistacampus.uandes.cl\/2023\/wp-json\/wp\/v2\/pages"}],"about":[{"href":"https:\/\/revistacampus.uandes.cl\/2023\/wp-json\/wp\/v2\/types\/page"}],"author":[{"embeddable":true,"href":"https:\/\/revistacampus.uandes.cl\/2023\/wp-json\/wp\/v2\/users\/1"}],"replies":[{"embeddable":true,"href":"https:\/\/revistacampus.uandes.cl\/2023\/wp-json\/wp\/v2\/comments?post=2589"}],"version-history":[{"count":2,"href":"https:\/\/revistacampus.uandes.cl\/2023\/wp-json\/wp\/v2\/pages\/2589\/revisions"}],"predecessor-version":[{"id":2592,"href":"https:\/\/revistacampus.uandes.cl\/2023\/wp-json\/wp\/v2\/pages\/2589\/revisions\/2592"}],"wp:attachment":[{"href":"https:\/\/revistacampus.uandes.cl\/2023\/wp-json\/wp\/v2\/media?parent=2589"}],"curies":[{"name":"wp","href":"https:\/\/api.w.org\/{rel}","templated":true}]}}