{"id":2576,"date":"2023-09-07T21:32:41","date_gmt":"2023-09-08T00:32:41","guid":{"rendered":"https:\/\/revistacampus.uandes.cl\/2023\/?page_id=2576"},"modified":"2023-09-07T21:32:42","modified_gmt":"2023-09-08T00:32:42","slug":"lucas-bizzarri","status":"publish","type":"page","link":"https:\/\/revistacampus.uandes.cl\/2023\/lucas-bizzarri\/","title":{"rendered":"Lucas Bizzarri"},"content":{"rendered":"\n<section id=\"gd015df\" class=\"wp-block-gutentor-p4 section-gd015df gutentor-post-module gutentor-advanced-post-module\" data-gpid=\"2576\" data-l-ani=\"gp4-animation-1\" data-i-b=\"gutentor\/p1\" data-maxnumpages=\"2\">\n<div id=\"section-ge6c370\" class=\"wp-block-gutentor-e16 section-ge6c370 gutentor-element gutentor-post-header d-none\"><div class=\"grid-container\"><div class=\"grid-row\">\n<div id=\"col-gm6a7b48\" class=\"wp-block-gutentor-e15 gutentor-single-column  grid-lg-5 grid-md-5 grid-5\"><div id=\"section-gm6a7b48\" class=\"section-gm6a7b48 gutentor-col-wrap\">\n<div id=\"section-gbc7307\" class=\"wp-block-gutentor-e0 section-gbc7307 gutentor-element gutentor-element-advanced-text\"><div class=\"gutentor-text-wrap\"><h3 class=\"gutentor-text\"><\/h3><\/div><\/div>\n\n\n\n<div id=\"section-g4db6a9\" class=\"wp-block-gutentor-e0 section-g4db6a9 gutentor-element gutentor-element-advanced-text\"><div class=\"gutentor-text-wrap\"><p class=\"gutentor-text\"><\/p><\/div><\/div>\n<\/div><\/div>\n\n\n\n<div id=\"col-gm1c6e38\" class=\"wp-block-gutentor-e15 gutentor-single-column  grid-lg-5 grid-md-5 grid-5\"><div id=\"section-gm1c6e38\" class=\"section-gm1c6e38 gutentor-col-wrap\">\n<div id=\"section-g571a6d\" class=\"wp-block-gutentor-e14 section-g571a6d gutentor-element gutentor-element-term-filter text-align-center-desktop text-align-center-tablet text-align-left-mobile\"><div class=\"gutentor-filter-navigation\" data-gtax=\"category\" data-gpost=\"post\"><div class=\"gutentor-filter-wrap\"><ul class=\"gutentor-filter-list g-responsive-menu\"><\/ul><\/div><\/div><\/div>\n<\/div><\/div>\n\n\n\n<div id=\"col-gm947826\" class=\"wp-block-gutentor-e15 gutentor-single-column  grid-lg-2 grid-md-2 grid-2\"><div id=\"section-gm947826\" class=\"section-gm947826 gutentor-col-wrap\">\n<div id=\"section-g9bf256\" class=\"wp-block-gutentor-e13 section-g9bf256 gutentor-element gutentor-element-navigation text-align-right-desktop text-align-right-tablet text-align-left-mobile\"><div class=\"gutentor-navigation\" data-gpage=\"1\"><ul class=\"gutentor-next-prev\"><li><a class=\"gutentor-disabled g-nav-prev\"><i class=\"fas fa-chevron-left\"><\/i><\/a><\/li><li><a class=\"g-nav-next\"><i class=\"fas fa-chevron-right\"><\/i><\/a><\/li><\/ul><\/div><\/div>\n<\/div><\/div>\n<\/div><\/div><\/div>\n\n\n<section class=\"gutentor-post-module section-a2dabdc0-92be-4c9c-ab1c-6e47a44f9feb gutentor-post-module-p1 gutentor_p1_template1 wp-block-gutentor-p1 g-equal-height gutentor-blog-grid\" id=\"a2dabdc0-92be-4c9c-ab1c-6e47a44f9feb\" data-gbid=\"a2dabdc0-92be-4c9c-ab1c-6e47a44f9feb\" >\n<div class='grid-container'><div class='grid-row' ><article class='gutentor-post  grid-md-4 grid-sm-4 grid-xs-12'><div class='gutentor-post-item'><div class='gutentor-post-image-box'><a class=\"gutentor-post-image-link \" href=\"https:\/\/revistacampus.uandes.cl\/2023\/nuevo-doctorado-en-ciencias-odontologicas\/\"  rel=\"noopener noreferrer\"><div class=\"gutentor-image-thumb\"><img fetchpriority=\"high\" decoding=\"async\" width=\"1417\" height=\"945\" src=\"https:\/\/revistacampus.uandes.cl\/2023\/wp-content\/uploads\/2023\/08\/MG_3976.jpeg\" class=\"attachment-full size-full wp-post-image\" alt=\"\" srcset=\"https:\/\/revistacampus.uandes.cl\/2023\/wp-content\/uploads\/2023\/08\/MG_3976.jpeg 1417w, https:\/\/revistacampus.uandes.cl\/2023\/wp-content\/uploads\/2023\/08\/MG_3976-300x200.jpeg 300w, https:\/\/revistacampus.uandes.cl\/2023\/wp-content\/uploads\/2023\/08\/MG_3976-1024x683.jpeg 1024w, https:\/\/revistacampus.uandes.cl\/2023\/wp-content\/uploads\/2023\/08\/MG_3976-768x512.jpeg 768w\" sizes=\"(max-width: 1417px) 100vw, 1417px\" \/><\/div><\/a><\/div><div class=\"gutentor-post-title-data-wrap\"><h3 class=\"gutentor-post-title\"><a href=\"https:\/\/revistacampus.uandes.cl\/2023\/nuevo-doctorado-en-ciencias-odontologicas\/\" rel=\"bookmark\">Nuevo Doctorado en Ciencias Odontol\u00f3gicas<\/a><\/h3><\/div><div class=\"gutentor-post-desc\">Investigaci\u00f3n que mejora la calidad de vida&hellip;<\/div><div class=\"gutentor-button-wrap\"><\/div><\/div><\/article><article class='gutentor-post  grid-md-4 grid-sm-4 grid-xs-12'><div class='gutentor-post-item'><div class='gutentor-post-image-box'><a class=\"gutentor-post-image-link \" href=\"https:\/\/revistacampus.uandes.cl\/2023\/laboratorio-de-innovacion-en-psicologia-y-educacion\/\"  rel=\"noopener noreferrer\"><div class=\"gutentor-image-thumb\"><img decoding=\"async\" width=\"1417\" height=\"945\" src=\"https:\/\/revistacampus.uandes.cl\/2023\/wp-content\/uploads\/2023\/08\/Laboratorio-de-Innovacion.jpg\" class=\"attachment-full size-full wp-post-image\" alt=\"\" srcset=\"https:\/\/revistacampus.uandes.cl\/2023\/wp-content\/uploads\/2023\/08\/Laboratorio-de-Innovacion.jpg 1417w, https:\/\/revistacampus.uandes.cl\/2023\/wp-content\/uploads\/2023\/08\/Laboratorio-de-Innovacion-300x200.jpg 300w, https:\/\/revistacampus.uandes.cl\/2023\/wp-content\/uploads\/2023\/08\/Laboratorio-de-Innovacion-1024x683.jpg 1024w, https:\/\/revistacampus.uandes.cl\/2023\/wp-content\/uploads\/2023\/08\/Laboratorio-de-Innovacion-768x512.jpg 768w\" sizes=\"(max-width: 1417px) 100vw, 1417px\" \/><\/div><\/a><\/div><div class=\"gutentor-post-title-data-wrap\"><h3 class=\"gutentor-post-title\"><a href=\"https:\/\/revistacampus.uandes.cl\/2023\/laboratorio-de-innovacion-en-psicologia-y-educacion\/\" rel=\"bookmark\">Laboratorio de innovaci\u00f3n en psicolog\u00eda y educaci\u00f3n<\/a><\/h3><\/div><div class=\"gutentor-post-desc\">Solucionar desaf\u00edos de comunidades educativas con investigaci\u00f3n aplicada&hellip;<\/div><div class=\"gutentor-button-wrap\"><\/div><\/div><\/article><article class='gutentor-post  grid-md-4 grid-sm-4 grid-xs-12'><div class='gutentor-post-item'><div class='gutentor-post-image-box'><a class=\"gutentor-post-image-link \" href=\"https:\/\/revistacampus.uandes.cl\/2023\/medicina-del-estilo-de-vida\/\"  rel=\"noopener noreferrer\"><div class=\"gutentor-image-thumb\"><img decoding=\"async\" width=\"1417\" height=\"945\" src=\"https:\/\/revistacampus.uandes.cl\/2023\/wp-content\/uploads\/2023\/08\/Portada_Med.jpg\" class=\"attachment-full size-full wp-post-image\" alt=\"\" srcset=\"https:\/\/revistacampus.uandes.cl\/2023\/wp-content\/uploads\/2023\/08\/Portada_Med.jpg 1417w, https:\/\/revistacampus.uandes.cl\/2023\/wp-content\/uploads\/2023\/08\/Portada_Med-300x200.jpg 300w, https:\/\/revistacampus.uandes.cl\/2023\/wp-content\/uploads\/2023\/08\/Portada_Med-1024x683.jpg 1024w, https:\/\/revistacampus.uandes.cl\/2023\/wp-content\/uploads\/2023\/08\/Portada_Med-768x512.jpg 768w\" sizes=\"(max-width: 1417px) 100vw, 1417px\" \/><\/div><\/a><\/div><div class=\"gutentor-post-title-data-wrap\"><h3 class=\"gutentor-post-title\"><a href=\"https:\/\/revistacampus.uandes.cl\/2023\/medicina-del-estilo-de-vida\/\" rel=\"bookmark\">Medicina del Estilo de Vida:<\/a><\/h3><\/div><div class=\"gutentor-post-desc\">Mejorar la salud de las personas de manera integral&hellip;<\/div><div class=\"gutentor-button-wrap\"><\/div><\/div><\/article><\/div><\/div><\/section>\n\n\n<div id=\"section-g5bf995\" class=\"wp-block-gutentor-e17 section-g5bf995 gutentor-element gutentor-post-footer d-none\"><div class=\"grid-container\"><div class=\"grid-row\">\n<div id=\"col-gm453f53\" class=\"wp-block-gutentor-e15 gutentor-single-column  grid-lg-12 grid-md-12 grid-12\"><div id=\"section-gm453f53\" class=\"section-gm453f53 gutentor-col-wrap\">\n<div id=\"section-g5a49b2\" class=\"wp-block-gutentor-e12 section-g5a49b2 gutentor-element gutentor-element-pagination text-align-center-mobile\"><div class=\"gutentor-pagination-wrap\" data-maxnumpages=\"2\"><ul class=\"gutentor-pagination\"><li class=\"gutentor-pagination-item gutentor-pagination-prev\"><a class=\"gutentor-pagination-link gutentor-disabled\" href=\"#\"><i class=\"fas fa-chevron-left\"><\/i>Anterior<\/a><\/li><li class=\"gutentor-pagination-item gutentor-pagination-active\" data-gpage=\"1\"><a class=\"gutentor-pagination-link\" href=\"#\">1<\/a><\/li><li class=\"gutentor-pagination-item\"><a class=\"gutentor-pagination-link\" href=\"#\" data-gpage=\"2\">2<\/a><\/li><li class=\"gutentor-pagination-item gutentor-pagination-next\"><a class=\"gutentor-pagination-link\" href=\"#\" data-gpage=\"2\">Siguiente<i class=\"fas fa-chevron-right\"><\/i><\/a><\/li><\/ul><\/div><\/div>\n<\/div><\/div>\n<\/div><\/div><\/div>\n<\/section>\n","protected":false},"excerpt":{"rendered":"<div class=\"extr\"> <section id=\"gd015df\" class=\"wp-block-gutentor-p4 section-gd015df gutentor-post-module gutentor-advanced-post-module\" data-gpid=\"2576\" data-l-ani=\"gp4-animation-1\" data-i-b=\"gutentor\/p1\" data-maxnumpages=\"2\"> <div id=\"section-ge6c370\" class=\"wp-block-gutentor-e16 section-ge6c370 gutentor-element gutentor-post-header d-none\"> <div class=\"grid-container\"> <div class=\"grid-row\"> <div id=\"col-gm6a7b48\" class=\"wp-block-gutentor-e15 gutentor-single-column  grid-lg-5 grid-md-5 grid-5\"> <div id=\"section-gm6a7b48\" class=\"section-gm6a7b48 gutentor-col-wrap\"> <div id=\"section-gbc7307\" class=\"wp-block-gutentor-e0 section-gbc7307 gutentor-element gutentor-element-advanced-text\"> <div class=\"gutentor-text-wrap\"> <h3 class=\"gutentor-text\"> <\/h3> <\/div> <\/div> <div id=\"section-g4db6a9\" class=\"wp-block-gutentor-e0 section-g4db6a9 gutentor-element gutentor-element-advanced-text\"> <div class=\"gutentor-text-wrap\"> <p class=\"gutentor-text\"> <\/p> <\/div> <\/div> <\/div> <\/div> <div id=\"col-gm1c6e38\" class=\"wp-block-gutentor-e15 gutentor-single-column  grid-lg-5 grid-md-5 grid-5\"> <div id=\"section-gm1c6e38\" class=\"section-gm1c6e38 gutentor-col-wrap\"> <div id=\"section-g571a6d\" class=\"wp-block-gutentor-e14 section-g571a6d gutentor-element gutentor-element-term-filter text-align-center-desktop text-align-center-tablet text-align-left-mobile\"> <div class=\"gutentor-filter-navigation\" data-gtax=\"category\" data-gpost=\"post\"> <div class=\"gutentor-filter-wrap\"> <ul class=\"gutentor-filter-list g-responsive-menu\"> <\/ul> <\/div> <\/div> <\/div> <\/div> <\/div> <div id=\"col-gm947826\" class=\"wp-block-gutentor-e15 gutentor-single-column  grid-lg-2 grid-md-2 grid-2\"> <div id=\"section-gm947826\" class=\"section-gm947826 gutentor-col-wrap\"> <div id=\"section-g9bf256\" class=\"wp-block-gutentor-e13 section-g9bf256 gutentor-element gutentor-element-navigation text-align-right-desktop text-align-right-tablet text-align-left-mobile\"> <div class=\"gutentor-navigation\" data-gpage=\"1\"> <ul class=\"gutentor-next-prev\"> <li> <a class=\"gutentor-disabled g-nav-prev\"> <i class=\"fas fa-chevron-left\"> <\/i> <\/a> <\/li> <li> <a class=\"g-nav-next\"> <i class=\"fas fa-chevron-right\"> <\/i> <\/a> <\/li> <\/ul> <\/div> <\/div> <\/div> <\/div> <\/div> <\/div> <\/div> <div id=\"section-g5bf995\" class=\"wp-block-gutentor-e17 section-g5bf995 gutentor-element gutentor-post-footer d-none\"> <div class=\"grid-container\"> <div class=\"grid-row\"> <div id=\"col-gm453f53\" class=\"wp-block-gutentor-e15 gutentor-single-column  grid-lg-12 grid-md-12 grid-12\"> <div id=\"section-gm453f53\" class=\"section-gm453f53 gutentor-col-wrap\"> <div id=\"section-g5a49b2\" class=\"wp-block-gutentor-e12 section-g5a49b2 gutentor-element gutentor-element-pagination text-align-center-mobile\"> <div class=\"gutentor-pagination-wrap\" data-maxnumpages=\"2\"> <ul class=\"gutentor-pagination\"> <li class=\"gutentor-pagination-item gutentor-pagination-prev\"> <a class=\"gutentor-pagination-link gutentor-disabled\" href=\"#\"> <i class=\"fas fa-chevron-left\"> <\/i> Anterior<\/a><\/li><li class=\"gutentor-pagination-item gutentor-pagination-active\" data-gpage=\"1\"><a class=\"gutentor-pagination-link\" href=\"#\">1<\/a><\/li><li class=\"gutentor-pagination-item\"><a class=\"gutentor-pagination-link\" href=\"#\" data-gpage=\"2\">2<\/a><\/li><li class=\"gutentor-pagination-item gutentor-pagination-next\"><a class=\"gutentor-pagination-link\" href=\"#\" data-gpage=\"2\">Siguiente<i class=\"fas fa-chevron-right\"><\/i><\/a><\/li><\/ul><\/div><\/div> <\/div> <\/div> <\/div> <\/div> <\/div>...<\/section><\/div>","protected":false},"author":1,"featured_media":0,"parent":0,"menu_order":0,"comment_status":"closed","ping_status":"closed","template":"","meta":{"footnotes":""},"class_list":["post-2576","page","type-page","status-publish","hentry"],"_links":{"self":[{"href":"https:\/\/revistacampus.uandes.cl\/2023\/wp-json\/wp\/v2\/pages\/2576","targetHints":{"allow":["GET"]}}],"collection":[{"href":"https:\/\/revistacampus.uandes.cl\/2023\/wp-json\/wp\/v2\/pages"}],"about":[{"href":"https:\/\/revistacampus.uandes.cl\/2023\/wp-json\/wp\/v2\/types\/page"}],"author":[{"embeddable":true,"href":"https:\/\/revistacampus.uandes.cl\/2023\/wp-json\/wp\/v2\/users\/1"}],"replies":[{"embeddable":true,"href":"https:\/\/revistacampus.uandes.cl\/2023\/wp-json\/wp\/v2\/comments?post=2576"}],"version-history":[{"count":1,"href":"https:\/\/revistacampus.uandes.cl\/2023\/wp-json\/wp\/v2\/pages\/2576\/revisions"}],"predecessor-version":[{"id":2577,"href":"https:\/\/revistacampus.uandes.cl\/2023\/wp-json\/wp\/v2\/pages\/2576\/revisions\/2577"}],"wp:attachment":[{"href":"https:\/\/revistacampus.uandes.cl\/2023\/wp-json\/wp\/v2\/media?parent=2576"}],"curies":[{"name":"wp","href":"https:\/\/api.w.org\/{rel}","templated":true}]}}