{"id":2557,"date":"2023-09-07T20:07:05","date_gmt":"2023-09-07T23:07:05","guid":{"rendered":"https:\/\/revistacampus.uandes.cl\/2023\/?page_id=2557"},"modified":"2023-09-07T20:07:06","modified_gmt":"2023-09-07T23:07:06","slug":"servir","status":"publish","type":"page","link":"https:\/\/revistacampus.uandes.cl\/2023\/servir\/","title":{"rendered":"Servir"},"content":{"rendered":"\n<section id=\"g16b281\" class=\"wp-block-gutentor-p4 section-g16b281 gutentor-post-module gutentor-advanced-post-module\" data-gpid=\"2557\" data-l-ani=\"gp4-animation-1\" data-i-b=\"gutentor\/p1\" data-maxnumpages=\"1\">\n<div id=\"section-g93b6cb\" class=\"wp-block-gutentor-e16 section-g93b6cb gutentor-element gutentor-post-header d-none\"><div class=\"grid-container\"><div class=\"grid-row\">\n<div id=\"col-gm234224\" class=\"wp-block-gutentor-e15 gutentor-single-column  grid-lg-5 grid-md-5 grid-5\"><div id=\"section-gm234224\" class=\"section-gm234224 gutentor-col-wrap\">\n<div id=\"section-g4c16fa\" class=\"wp-block-gutentor-e0 section-g4c16fa gutentor-element gutentor-element-advanced-text\"><div class=\"gutentor-text-wrap\"><h3 class=\"gutentor-text\"><\/h3><\/div><\/div>\n\n\n\n<div id=\"section-ge01074\" class=\"wp-block-gutentor-e0 section-ge01074 gutentor-element gutentor-element-advanced-text\"><div class=\"gutentor-text-wrap\"><p class=\"gutentor-text\"><\/p><\/div><\/div>\n<\/div><\/div>\n\n\n\n<div id=\"col-gm268eea\" class=\"wp-block-gutentor-e15 gutentor-single-column  grid-lg-5 grid-md-5 grid-5\"><div id=\"section-gm268eea\" class=\"section-gm268eea gutentor-col-wrap\">\n<div id=\"section-g7ec295\" class=\"wp-block-gutentor-e14 section-g7ec295 gutentor-element gutentor-element-term-filter text-align-center-desktop text-align-center-tablet text-align-left-mobile\"><div class=\"gutentor-filter-navigation\" data-gtax=\"category\" data-gpost=\"post\"><div class=\"gutentor-filter-wrap\"><ul class=\"gutentor-filter-list g-responsive-menu\"><\/ul><\/div><\/div><\/div>\n<\/div><\/div>\n\n\n\n<div id=\"col-gmd27d30\" class=\"wp-block-gutentor-e15 gutentor-single-column  grid-lg-2 grid-md-2 grid-2\"><div id=\"section-gmd27d30\" class=\"section-gmd27d30 gutentor-col-wrap\">\n<div id=\"section-g071e7a\" class=\"wp-block-gutentor-e13 section-g071e7a gutentor-element gutentor-element-navigation text-align-right-desktop text-align-right-tablet text-align-left-mobile\"><div class=\"gutentor-navigation\" data-gpage=\"1\"><ul class=\"gutentor-next-prev\"><li><a class=\"gutentor-disabled g-nav-prev\"><i class=\"fas fa-chevron-left\"><\/i><\/a><\/li><li><a class=\"g-nav-next gutentor-disabled\"><i class=\"fas fa-chevron-right\"><\/i><\/a><\/li><\/ul><\/div><\/div>\n<\/div><\/div>\n<\/div><\/div><\/div>\n\n\n<section class=\"gutentor-post-module section-86b3be0b-7b33-49ad-a573-0070ca846664 gutentor-post-module-p1 gutentor_p1_template1 wp-block-gutentor-p1 g-equal-height gutentor-blog-grid\" id=\"86b3be0b-7b33-49ad-a573-0070ca846664\" data-gbid=\"86b3be0b-7b33-49ad-a573-0070ca846664\" >\n<div class='grid-container'><div class='grid-row' ><article class='gutentor-post  grid-md-4 grid-sm-4 grid-xs-12'><div class='gutentor-post-item'><div class='gutentor-post-image-box'><a class=\"gutentor-post-image-link \" href=\"https:\/\/revistacampus.uandes.cl\/2023\/alumni-que-van-por-mas\/\"  rel=\"noopener noreferrer\"><div class=\"gutentor-image-thumb\"><img fetchpriority=\"high\" decoding=\"async\" width=\"808\" height=\"500\" src=\"https:\/\/revistacampus.uandes.cl\/2023\/wp-content\/uploads\/2023\/09\/alumni-1.jpg\" class=\"attachment-full size-full wp-post-image\" alt=\"\" srcset=\"https:\/\/revistacampus.uandes.cl\/2023\/wp-content\/uploads\/2023\/09\/alumni-1.jpg 808w, https:\/\/revistacampus.uandes.cl\/2023\/wp-content\/uploads\/2023\/09\/alumni-1-300x186.jpg 300w, https:\/\/revistacampus.uandes.cl\/2023\/wp-content\/uploads\/2023\/09\/alumni-1-768x475.jpg 768w\" sizes=\"(max-width: 808px) 100vw, 808px\" \/><\/div><\/a><\/div><div class=\"gutentor-post-title-data-wrap\"><h3 class=\"gutentor-post-title\"><a href=\"https:\/\/revistacampus.uandes.cl\/2023\/alumni-que-van-por-mas\/\" rel=\"bookmark\">Alumni que van por m\u00e1s<\/a><\/h3><\/div><div class=\"gutentor-post-desc\">Nuestros egresados son los grandes embajadores de este proyecto educativo. Llevan su destreza profesional a lo largo de &hellip;<\/div><div class=\"gutentor-button-wrap\"><\/div><\/div><\/article><article class='gutentor-post  grid-md-4 grid-sm-4 grid-xs-12'><div class='gutentor-post-item'><div class='gutentor-post-image-box'><a class=\"gutentor-post-image-link \" href=\"https:\/\/revistacampus.uandes.cl\/2023\/innovacion-uandes-en-regiones\/\"  rel=\"noopener noreferrer\"><div class=\"gutentor-image-thumb\"><img decoding=\"async\" width=\"1126\" height=\"890\" src=\"https:\/\/revistacampus.uandes.cl\/2023\/wp-content\/uploads\/2023\/09\/Kalpa_Day_-_8112022.jpg\" class=\"attachment-full size-full wp-post-image\" alt=\"\" srcset=\"https:\/\/revistacampus.uandes.cl\/2023\/wp-content\/uploads\/2023\/09\/Kalpa_Day_-_8112022.jpg 1126w, https:\/\/revistacampus.uandes.cl\/2023\/wp-content\/uploads\/2023\/09\/Kalpa_Day_-_8112022-300x237.jpg 300w, https:\/\/revistacampus.uandes.cl\/2023\/wp-content\/uploads\/2023\/09\/Kalpa_Day_-_8112022-1024x809.jpg 1024w, https:\/\/revistacampus.uandes.cl\/2023\/wp-content\/uploads\/2023\/09\/Kalpa_Day_-_8112022-768x607.jpg 768w\" sizes=\"(max-width: 1126px) 100vw, 1126px\" \/><\/div><\/a><\/div><div class=\"gutentor-post-title-data-wrap\"><h3 class=\"gutentor-post-title\"><a href=\"https:\/\/revistacampus.uandes.cl\/2023\/innovacion-uandes-en-regiones\/\" rel=\"bookmark\">Innovaci\u00f3n UANDES en regiones<\/a><\/h3><\/div><div class=\"gutentor-post-desc\">Con el convencimiento de que la ciencia que se desarrolla en el pa\u00eds es de excelencia, la Direcci\u00f3n de Innovaci\u00f3n ha for&hellip;<\/div><div class=\"gutentor-button-wrap\"><\/div><\/div><\/article><article class='gutentor-post  grid-md-4 grid-sm-4 grid-xs-12'><div class='gutentor-post-item'><div class='gutentor-post-image-box'><a class=\"gutentor-post-image-link \" href=\"https:\/\/revistacampus.uandes.cl\/2023\/donaciones-que-contribuyen-a-la-educacion\/\"  rel=\"noopener noreferrer\"><div class=\"gutentor-image-thumb\"><img decoding=\"async\" width=\"1134\" height=\"756\" src=\"https:\/\/revistacampus.uandes.cl\/2023\/wp-content\/uploads\/2023\/08\/MG_4812_R.jpg\" class=\"attachment-full size-full wp-post-image\" alt=\"\" srcset=\"https:\/\/revistacampus.uandes.cl\/2023\/wp-content\/uploads\/2023\/08\/MG_4812_R.jpg 1134w, https:\/\/revistacampus.uandes.cl\/2023\/wp-content\/uploads\/2023\/08\/MG_4812_R-300x200.jpg 300w, https:\/\/revistacampus.uandes.cl\/2023\/wp-content\/uploads\/2023\/08\/MG_4812_R-1024x683.jpg 1024w, https:\/\/revistacampus.uandes.cl\/2023\/wp-content\/uploads\/2023\/08\/MG_4812_R-768x512.jpg 768w\" sizes=\"(max-width: 1134px) 100vw, 1134px\" \/><\/div><\/a><\/div><div class=\"gutentor-post-title-data-wrap\"><h3 class=\"gutentor-post-title\"><a href=\"https:\/\/revistacampus.uandes.cl\/2023\/donaciones-que-contribuyen-a-la-educacion\/\" rel=\"bookmark\">Donaciones que contribuyen a la educaci\u00f3n<\/a><\/h3><\/div><div class=\"gutentor-post-desc\">A trav\u00e9s del proyecto \u201cBeca UANDES Profesores para Chile\u201d, que busca revertir el d\u00e9ficit de docentes en el sistema educa&hellip;<\/div><div class=\"gutentor-button-wrap\"><\/div><\/div><\/article><article class='gutentor-post  grid-md-4 grid-sm-4 grid-xs-12'><div class='gutentor-post-item'><div class='gutentor-post-image-box'><a class=\"gutentor-post-image-link \" href=\"https:\/\/revistacampus.uandes.cl\/2023\/un-espacio-para-la-reflexion\/\"  rel=\"noopener noreferrer\"><div class=\"gutentor-image-thumb\"><img loading=\"lazy\" decoding=\"async\" width=\"1134\" height=\"754\" src=\"https:\/\/revistacampus.uandes.cl\/2023\/wp-content\/uploads\/2023\/08\/MG_2907R.jpeg\" class=\"attachment-full size-full wp-post-image\" alt=\"\" srcset=\"https:\/\/revistacampus.uandes.cl\/2023\/wp-content\/uploads\/2023\/08\/MG_2907R.jpeg 1134w, https:\/\/revistacampus.uandes.cl\/2023\/wp-content\/uploads\/2023\/08\/MG_2907R-300x199.jpeg 300w, https:\/\/revistacampus.uandes.cl\/2023\/wp-content\/uploads\/2023\/08\/MG_2907R-1024x681.jpeg 1024w, https:\/\/revistacampus.uandes.cl\/2023\/wp-content\/uploads\/2023\/08\/MG_2907R-768x511.jpeg 768w\" sizes=\"(max-width: 1134px) 100vw, 1134px\" \/><\/div><\/a><\/div><div class=\"gutentor-post-title-data-wrap\"><h3 class=\"gutentor-post-title\"><a href=\"https:\/\/revistacampus.uandes.cl\/2023\/un-espacio-para-la-reflexion\/\" rel=\"bookmark\">Un espacio para la reflexi\u00f3n<\/a><\/h3><\/div><div class=\"gutentor-post-desc\">EncuentrosxChile reuni\u00f3 a rectores del norte, centro y sur del pa\u00eds para hablar sobre c\u00f3mo las universidades cooperan en&hellip;<\/div><div class=\"gutentor-button-wrap\"><\/div><\/div><\/article><article class='gutentor-post  grid-md-4 grid-sm-4 grid-xs-12'><div class='gutentor-post-item'><div class='gutentor-post-image-box'><a class=\"gutentor-post-image-link \" href=\"https:\/\/revistacampus.uandes.cl\/2023\/legatum-arte-y-legado\/\"  rel=\"noopener noreferrer\"><div class=\"gutentor-image-thumb\"><img loading=\"lazy\" decoding=\"async\" width=\"1417\" height=\"945\" src=\"https:\/\/revistacampus.uandes.cl\/2023\/wp-content\/uploads\/2023\/08\/pag-8_legatum.jpg\" class=\"attachment-full size-full wp-post-image\" alt=\"\" srcset=\"https:\/\/revistacampus.uandes.cl\/2023\/wp-content\/uploads\/2023\/08\/pag-8_legatum.jpg 1417w, https:\/\/revistacampus.uandes.cl\/2023\/wp-content\/uploads\/2023\/08\/pag-8_legatum-300x200.jpg 300w, https:\/\/revistacampus.uandes.cl\/2023\/wp-content\/uploads\/2023\/08\/pag-8_legatum-1024x683.jpg 1024w, https:\/\/revistacampus.uandes.cl\/2023\/wp-content\/uploads\/2023\/08\/pag-8_legatum-768x512.jpg 768w\" sizes=\"(max-width: 1417px) 100vw, 1417px\" \/><\/div><\/a><\/div><div class=\"gutentor-post-title-data-wrap\"><h3 class=\"gutentor-post-title\"><a href=\"https:\/\/revistacampus.uandes.cl\/2023\/legatum-arte-y-legado\/\" rel=\"bookmark\">\u201cLegatum\u201d arte y legado<\/a><\/h3><\/div><div class=\"gutentor-post-desc\">Una escultura de 47 l\u00e1minas de acero se instal\u00f3 a comienzos de 2023 en el campus UANDES. La obra, que se integra a la ru&hellip;<\/div><div class=\"gutentor-button-wrap\"><\/div><\/div><\/article><article class='gutentor-post  grid-md-4 grid-sm-4 grid-xs-12'><div class='gutentor-post-item'><div class='gutentor-post-image-box'><a class=\"gutentor-post-image-link \" href=\"https:\/\/revistacampus.uandes.cl\/2023\/el-nuevo-ciclo-de-la-camerata-uandes\/\"  rel=\"noopener noreferrer\"><div class=\"gutentor-image-thumb\"><img loading=\"lazy\" decoding=\"async\" width=\"1134\" height=\"756\" src=\"https:\/\/revistacampus.uandes.cl\/2023\/wp-content\/uploads\/2023\/08\/Campus_1.jpeg\" class=\"attachment-full size-full wp-post-image\" alt=\"\" srcset=\"https:\/\/revistacampus.uandes.cl\/2023\/wp-content\/uploads\/2023\/08\/Campus_1.jpeg 1134w, https:\/\/revistacampus.uandes.cl\/2023\/wp-content\/uploads\/2023\/08\/Campus_1-300x200.jpeg 300w, https:\/\/revistacampus.uandes.cl\/2023\/wp-content\/uploads\/2023\/08\/Campus_1-1024x683.jpeg 1024w, https:\/\/revistacampus.uandes.cl\/2023\/wp-content\/uploads\/2023\/08\/Campus_1-768x512.jpeg 768w\" sizes=\"(max-width: 1134px) 100vw, 1134px\" \/><\/div><\/a><\/div><div class=\"gutentor-post-title-data-wrap\"><h3 class=\"gutentor-post-title\"><a href=\"https:\/\/revistacampus.uandes.cl\/2023\/el-nuevo-ciclo-de-la-camerata-uandes\/\" rel=\"bookmark\">El nuevo ciclo de la Camerata UANDES<\/a><\/h3><\/div><div class=\"gutentor-post-desc\">Cuatro directores invitados, nacionales y extranjeros, forman parte de la temporada 2023. Al finalizar, uno de los maest&hellip;<\/div><div class=\"gutentor-button-wrap\"><\/div><\/div><\/article><article class='gutentor-post  grid-md-4 grid-sm-4 grid-xs-12'><div class='gutentor-post-item'><div class='gutentor-post-image-box'><a class=\"gutentor-post-image-link \" href=\"https:\/\/revistacampus.uandes.cl\/2023\/unidad-de-salud-mental-2-0\/\"  rel=\"noopener noreferrer\"><div class=\"gutentor-image-thumb\"><img loading=\"lazy\" decoding=\"async\" width=\"2000\" height=\"1116\" src=\"https:\/\/revistacampus.uandes.cl\/2023\/wp-content\/uploads\/2023\/08\/cesa.jpg\" class=\"attachment-full size-full wp-post-image\" alt=\"\" srcset=\"https:\/\/revistacampus.uandes.cl\/2023\/wp-content\/uploads\/2023\/08\/cesa.jpg 2000w, https:\/\/revistacampus.uandes.cl\/2023\/wp-content\/uploads\/2023\/08\/cesa-300x167.jpg 300w, https:\/\/revistacampus.uandes.cl\/2023\/wp-content\/uploads\/2023\/08\/cesa-1024x571.jpg 1024w, https:\/\/revistacampus.uandes.cl\/2023\/wp-content\/uploads\/2023\/08\/cesa-768x429.jpg 768w, https:\/\/revistacampus.uandes.cl\/2023\/wp-content\/uploads\/2023\/08\/cesa-1536x857.jpg 1536w\" sizes=\"(max-width: 2000px) 100vw, 2000px\" \/><\/div><\/a><\/div><div class=\"gutentor-post-title-data-wrap\"><h3 class=\"gutentor-post-title\"><a href=\"https:\/\/revistacampus.uandes.cl\/2023\/unidad-de-salud-mental-2-0\/\" rel=\"bookmark\">Unidad de Salud Mental 2.0<\/a><\/h3><\/div><div class=\"gutentor-post-desc\">El proyecto que busca potenciar el servicio\nentregado a los pacientes de San Bernardo&hellip;<\/div><div class=\"gutentor-button-wrap\"><\/div><\/div><\/article><article class='gutentor-post  grid-md-4 grid-sm-4 grid-xs-12'><div class='gutentor-post-item'><div class='gutentor-post-image-box'><a class=\"gutentor-post-image-link \" href=\"https:\/\/revistacampus.uandes.cl\/2023\/proyectos-comprometidos-con-la-comunidad\/\"  rel=\"noopener noreferrer\"><div class=\"gutentor-image-thumb\"><img loading=\"lazy\" decoding=\"async\" width=\"2000\" height=\"737\" src=\"https:\/\/revistacampus.uandes.cl\/2023\/wp-content\/uploads\/2023\/08\/comunidad.jpg\" class=\"attachment-full size-full wp-post-image\" alt=\"\" srcset=\"https:\/\/revistacampus.uandes.cl\/2023\/wp-content\/uploads\/2023\/08\/comunidad.jpg 2000w, https:\/\/revistacampus.uandes.cl\/2023\/wp-content\/uploads\/2023\/08\/comunidad-300x111.jpg 300w, https:\/\/revistacampus.uandes.cl\/2023\/wp-content\/uploads\/2023\/08\/comunidad-1024x377.jpg 1024w, https:\/\/revistacampus.uandes.cl\/2023\/wp-content\/uploads\/2023\/08\/comunidad-768x283.jpg 768w, https:\/\/revistacampus.uandes.cl\/2023\/wp-content\/uploads\/2023\/08\/comunidad-1536x566.jpg 1536w\" sizes=\"(max-width: 2000px) 100vw, 2000px\" \/><\/div><\/a><\/div><div class=\"gutentor-post-title-data-wrap\"><h3 class=\"gutentor-post-title\"><a href=\"https:\/\/revistacampus.uandes.cl\/2023\/proyectos-comprometidos-con-la-comunidad\/\" rel=\"bookmark\">Bilateral y CAD<\/a><\/h3><\/div><div class=\"gutentor-post-desc\">Proyectos comprometidos con la comunidad&hellip;<\/div><div class=\"gutentor-button-wrap\"><\/div><\/div><\/article><article class='gutentor-post  grid-md-4 grid-sm-4 grid-xs-12'><div class='gutentor-post-item'><div class='gutentor-post-image-box'><a class=\"gutentor-post-image-link \" href=\"https:\/\/revistacampus.uandes.cl\/2023\/destacados-clinica\/\"  rel=\"noopener noreferrer\"><div class=\"gutentor-image-thumb\"><img loading=\"lazy\" decoding=\"async\" width=\"1526\" height=\"751\" src=\"https:\/\/revistacampus.uandes.cl\/2023\/wp-content\/uploads\/2023\/08\/Acreditacion_-_Clinica_B.jpeg\" class=\"attachment-full size-full wp-post-image\" alt=\"\" srcset=\"https:\/\/revistacampus.uandes.cl\/2023\/wp-content\/uploads\/2023\/08\/Acreditacion_-_Clinica_B.jpeg 1526w, https:\/\/revistacampus.uandes.cl\/2023\/wp-content\/uploads\/2023\/08\/Acreditacion_-_Clinica_B-300x148.jpeg 300w, https:\/\/revistacampus.uandes.cl\/2023\/wp-content\/uploads\/2023\/08\/Acreditacion_-_Clinica_B-1024x504.jpeg 1024w, https:\/\/revistacampus.uandes.cl\/2023\/wp-content\/uploads\/2023\/08\/Acreditacion_-_Clinica_B-768x378.jpeg 768w\" sizes=\"(max-width: 1526px) 100vw, 1526px\" \/><\/div><\/a><\/div><div class=\"gutentor-post-title-data-wrap\"><h3 class=\"gutentor-post-title\"><a href=\"https:\/\/revistacampus.uandes.cl\/2023\/destacados-clinica\/\" rel=\"bookmark\">Evoluci\u00f3n de la Cl\u00ednica UANDES<\/a><\/h3><\/div><div class=\"gutentor-post-desc\">Ni\u00f1os y adultos beneficiados, Primer trasplante de m\u00e9dula \u00f3sea y Acreditaci\u00f3n de calidad destacan en la Cl\u00ednica Universi&hellip;<\/div><div class=\"gutentor-button-wrap\"><\/div><\/div><\/article><article class='gutentor-post  grid-md-4 grid-sm-4 grid-xs-12'><div class='gutentor-post-item'><div class='gutentor-post-image-box'><a class=\"gutentor-post-image-link \" href=\"https:\/\/revistacampus.uandes.cl\/2023\/centro-de-salud-uandes-al-servicio\/\"  rel=\"noopener noreferrer\"><div class=\"gutentor-image-thumb\"><img loading=\"lazy\" decoding=\"async\" width=\"2000\" height=\"1333\" src=\"https:\/\/revistacampus.uandes.cl\/2023\/wp-content\/uploads\/2023\/09\/IMG_0616.jpeg\" class=\"attachment-full size-full wp-post-image\" alt=\"\" srcset=\"https:\/\/revistacampus.uandes.cl\/2023\/wp-content\/uploads\/2023\/09\/IMG_0616.jpeg 2000w, https:\/\/revistacampus.uandes.cl\/2023\/wp-content\/uploads\/2023\/09\/IMG_0616-300x200.jpeg 300w, https:\/\/revistacampus.uandes.cl\/2023\/wp-content\/uploads\/2023\/09\/IMG_0616-1024x682.jpeg 1024w, https:\/\/revistacampus.uandes.cl\/2023\/wp-content\/uploads\/2023\/09\/IMG_0616-768x512.jpeg 768w, https:\/\/revistacampus.uandes.cl\/2023\/wp-content\/uploads\/2023\/09\/IMG_0616-1536x1024.jpeg 1536w\" sizes=\"(max-width: 2000px) 100vw, 2000px\" \/><\/div><\/a><\/div><div class=\"gutentor-post-title-data-wrap\"><h3 class=\"gutentor-post-title\"><a href=\"https:\/\/revistacampus.uandes.cl\/2023\/centro-de-salud-uandes-al-servicio\/\" rel=\"bookmark\">Centro de Salud UANDES al servicio<\/a><\/h3><\/div><div class=\"gutentor-post-desc\">Naturaleza y Color en San Bernardo, M\u00e1s de 120 mil atenciones y Terapia Ocupacional y Nutrici\u00f3n destacan en el Centro de&hellip;<\/div><div class=\"gutentor-button-wrap\"><\/div><\/div><\/article><\/div><\/div><\/section>\n\n\n<div id=\"section-g71027d\" class=\"wp-block-gutentor-e17 section-g71027d gutentor-element gutentor-post-footer d-none\"><div class=\"grid-container\"><div class=\"grid-row\">\n<div id=\"col-gmf50b2e\" class=\"wp-block-gutentor-e15 gutentor-single-column  grid-lg-12 grid-md-12 grid-12\"><div id=\"section-gmf50b2e\" class=\"section-gmf50b2e gutentor-col-wrap\">\n<div id=\"section-g01edd6\" class=\"wp-block-gutentor-e12 section-g01edd6 gutentor-element gutentor-element-pagination text-align-center-mobile\"><div class=\"gutentor-pagination-wrap\" data-maxnumpages=\"1\"><ul class=\"gutentor-pagination\"><li class=\"gutentor-pagination-item gutentor-pagination-prev\"><a class=\"gutentor-pagination-link gutentor-disabled\" href=\"#\"><i class=\"fas fa-chevron-left\"><\/i>Anterior<\/a><\/li><li class=\"gutentor-pagination-item gutentor-pagination-active\" data-gpage=\"1\"><a class=\"gutentor-pagination-link\" href=\"#\">1<\/a><\/li><li class=\"gutentor-pagination-item gutentor-pagination-next\"><a class=\"gutentor-pagination-link gutentor-disabled\" href=\"#\" data-gpage=\"2\">Siguiente<i class=\"fas fa-chevron-right\"><\/i><\/a><\/li><\/ul><\/div><\/div>\n<\/div><\/div>\n<\/div><\/div><\/div>\n<\/section>\n","protected":false},"excerpt":{"rendered":"<div class=\"extr\"> <section id=\"g16b281\" class=\"wp-block-gutentor-p4 section-g16b281 gutentor-post-module gutentor-advanced-post-module\" data-gpid=\"2557\" data-l-ani=\"gp4-animation-1\" data-i-b=\"gutentor\/p1\" data-maxnumpages=\"1\"> <div id=\"section-g93b6cb\" class=\"wp-block-gutentor-e16 section-g93b6cb gutentor-element gutentor-post-header d-none\"> <div class=\"grid-container\"> <div class=\"grid-row\"> <div id=\"col-gm234224\" class=\"wp-block-gutentor-e15 gutentor-single-column  grid-lg-5 grid-md-5 grid-5\"> <div id=\"section-gm234224\" class=\"section-gm234224 gutentor-col-wrap\"> <div id=\"section-g4c16fa\" class=\"wp-block-gutentor-e0 section-g4c16fa gutentor-element gutentor-element-advanced-text\"> <div class=\"gutentor-text-wrap\"> <h3 class=\"gutentor-text\"> <\/h3> <\/div> <\/div> <div id=\"section-ge01074\" class=\"wp-block-gutentor-e0 section-ge01074 gutentor-element gutentor-element-advanced-text\"> <div class=\"gutentor-text-wrap\"> <p class=\"gutentor-text\"> <\/p> <\/div> <\/div> <\/div> <\/div> <div id=\"col-gm268eea\" class=\"wp-block-gutentor-e15 gutentor-single-column  grid-lg-5 grid-md-5 grid-5\"> <div id=\"section-gm268eea\" class=\"section-gm268eea gutentor-col-wrap\"> <div id=\"section-g7ec295\" class=\"wp-block-gutentor-e14 section-g7ec295 gutentor-element gutentor-element-term-filter text-align-center-desktop text-align-center-tablet text-align-left-mobile\"> <div class=\"gutentor-filter-navigation\" data-gtax=\"category\" data-gpost=\"post\"> <div class=\"gutentor-filter-wrap\"> <ul class=\"gutentor-filter-list g-responsive-menu\"> <\/ul> <\/div> <\/div> <\/div> <\/div> <\/div> <div id=\"col-gmd27d30\" class=\"wp-block-gutentor-e15 gutentor-single-column  grid-lg-2 grid-md-2 grid-2\"> <div id=\"section-gmd27d30\" class=\"section-gmd27d30 gutentor-col-wrap\"> <div id=\"section-g071e7a\" class=\"wp-block-gutentor-e13 section-g071e7a gutentor-element gutentor-element-navigation text-align-right-desktop text-align-right-tablet text-align-left-mobile\"> <div class=\"gutentor-navigation\" data-gpage=\"1\"> <ul class=\"gutentor-next-prev\"> <li> <a class=\"gutentor-disabled g-nav-prev\"> <i class=\"fas fa-chevron-left\"> <\/i> <\/a> <\/li> <li> <a class=\"g-nav-next gutentor-disabled\"> <i class=\"fas fa-chevron-right\"> <\/i> <\/a> <\/li> <\/ul> <\/div> <\/div> <\/div> <\/div> <\/div> <\/div> <\/div> <div id=\"section-g71027d\" class=\"wp-block-gutentor-e17 section-g71027d gutentor-element gutentor-post-footer d-none\"> <div class=\"grid-container\"> <div class=\"grid-row\"> <div id=\"col-gmf50b2e\" class=\"wp-block-gutentor-e15 gutentor-single-column  grid-lg-12 grid-md-12 grid-12\"> <div id=\"section-gmf50b2e\" class=\"section-gmf50b2e gutentor-col-wrap\"> <div id=\"section-g01edd6\" class=\"wp-block-gutentor-e12 section-g01edd6 gutentor-element gutentor-element-pagination text-align-center-mobile\"> <div class=\"gutentor-pagination-wrap\" data-maxnumpages=\"1\"> <ul class=\"gutentor-pagination\"> <li class=\"gutentor-pagination-item gutentor-pagination-prev\"> <a class=\"gutentor-pagination-link gutentor-disabled\" href=\"#\"> <i class=\"fas fa-chevron-left\"> <\/i> Anterior<\/a><\/li><li class=\"gutentor-pagination-item gutentor-pagination-active\" data-gpage=\"1\"><a class=\"gutentor-pagination-link\" href=\"#\">1<\/a><\/li><li class=\"gutentor-pagination-item gutentor-pagination-next\"><a class=\"gutentor-pagination-link gutentor-disabled\" href=\"#\" data-gpage=\"2\">Siguiente<i class=\"fas fa-chevron-right\"><\/i><\/a><\/li><\/ul><\/div><\/div> <\/div> <\/div> <\/div> <\/div> <\/div>...<\/section><\/div>","protected":false},"author":1,"featured_media":0,"parent":0,"menu_order":0,"comment_status":"closed","ping_status":"closed","template":"","meta":{"footnotes":""},"class_list":["post-2557","page","type-page","status-publish","hentry"],"_links":{"self":[{"href":"https:\/\/revistacampus.uandes.cl\/2023\/wp-json\/wp\/v2\/pages\/2557","targetHints":{"allow":["GET"]}}],"collection":[{"href":"https:\/\/revistacampus.uandes.cl\/2023\/wp-json\/wp\/v2\/pages"}],"about":[{"href":"https:\/\/revistacampus.uandes.cl\/2023\/wp-json\/wp\/v2\/types\/page"}],"author":[{"embeddable":true,"href":"https:\/\/revistacampus.uandes.cl\/2023\/wp-json\/wp\/v2\/users\/1"}],"replies":[{"embeddable":true,"href":"https:\/\/revistacampus.uandes.cl\/2023\/wp-json\/wp\/v2\/comments?post=2557"}],"version-history":[{"count":1,"href":"https:\/\/revistacampus.uandes.cl\/2023\/wp-json\/wp\/v2\/pages\/2557\/revisions"}],"predecessor-version":[{"id":2558,"href":"https:\/\/revistacampus.uandes.cl\/2023\/wp-json\/wp\/v2\/pages\/2557\/revisions\/2558"}],"wp:attachment":[{"href":"https:\/\/revistacampus.uandes.cl\/2023\/wp-json\/wp\/v2\/media?parent=2557"}],"curies":[{"name":"wp","href":"https:\/\/api.w.org\/{rel}","templated":true}]}}