{"id":9377,"date":"2024-07-16T12:13:25","date_gmt":"2024-07-16T16:13:25","guid":{"rendered":"https:\/\/revistacampus.uandes.cl\/2021\/?page_id=9377"},"modified":"2024-07-16T12:13:33","modified_gmt":"2024-07-16T16:13:33","slug":"misotrol-chile-ayuda-embarazo-no-deseado-chile-aqui","status":"publish","type":"page","link":"https:\/\/revistacampus.uandes.cl\/2021\/misotrol-chile-ayuda-embarazo-no-deseado-chile-aqui\/","title":{"rendered":"MISOTROL CHILE | AYUDA EMBARAZO NO DESEADO CHILE AQU\u00cd"},"content":{"rendered":"\n<h1>MISOTROL | VENTA DE MISOTROL | VENTA MISOTROL<\/h1>\n\n\n\n<p>Compra tu pastillas misotrol a domicilio en Chile | Misotrol Chile, donde comprar misotrol en chile |\u260e\ufe0f<a href=\"https:\/\/api.whatsapp.com\/send\/?phone=56939206831&amp;text=hola+%2C+Necesito+informaci%C3%B3n&amp;type=phone_number&amp;app_absent=0\"><strong>&nbsp;+56 9 3920-6831&nbsp;<\/strong><\/a>\u2713 Env\u00edos discretos y rapidos<a href=\"https:\/\/direct.lc.chat\/16273440\/\">COMPRA MISOTROL ONLINE<\/a><\/p>\n\n\n\n<h2>CALIDAD<\/h2>\n\n\n\n<h2>ORIGINALIDAD<\/h2>\n\n\n\n<h2>LABORATORIO PFIZER<\/h2>\n\n\n\n<figure class=\"wp-block-image\"><a href=\"https:\/\/api.whatsapp.com\/send\/?phone=56939206831&amp;text=hola+%2C+Necesito+informaci%C3%B3n&amp;type=phone_number&amp;app_absent=0\"><img src=\"https:\/\/www.misoprostolchile.com\/wp-content\/uploads\/2023\/08\/Metodo-Ive-con-pastillas-cyotec.jpg\" alt=\"\" class=\"wp-image-513\"\/><\/a><\/figure>\n\n\n\n<h2>Bienvenida A Misotrol Chile<\/h2>\n\n\n\n<p>El embarazo no deseado puede ser una experiencia desafiante y emocional, y acceder a las pastillas misotrol seguras y confiables puede ser dif\u00edcil, particularmente en ciertas regiones.<\/p>\n\n\n\n<p>Cuando nos enfrentamos a una situaci\u00f3n tan delicada, es importante encontrar una fuente confiable que proporcione misotrol auntentico para una interrupci\u00f3n segura y discreta del embarazo.<\/p>\n\n\n\n<p>Les presentamos nuestras pastillas abortivas 100% originales, Misotrol, disponibles para la venta en Chile. Entendemos la importancia de la privacidad y la seguridad, por eso garantizamos un env\u00edo seguro y discreto para su tranquilidad. Con nosotros, tendr\u00e1 acceso a misotrol chile que son efectivas y confiables. Tome el control de su elecci\u00f3n reproductiva con nuestro servicio de confianza hoy.<\/p>\n\n\n\n<h3><a href=\"https:\/\/api.whatsapp.com\/send\/?phone=56983630486&amp;text=hola+%2C+Necesito+informaci%C3%B3n+sobre+Cytotec&amp;type=phone_number&amp;app_absent=0\">Misotrol Original En Chile \u2013 Entregas R\u00e1pidas Y Confiables<\/a><\/h3>\n\n\n\n<ul><li>Env\u00edos discretos<\/li><li>Disponibles 24\/7<\/li><\/ul>\n\n\n\n<p><a href=\"https:\/\/api.whatsapp.com\/send\/?phone=56939206831&amp;text=hola+%2C+Necesito+informaci%C3%B3n&amp;type=phone_number&amp;app_absent=0\">SOLICITA INFORMACI\u00d3N DE MISOTROL<\/a><a href=\"https:\/\/api.whatsapp.com\/send\/?phone=56974485757&amp;text=hola+%2C+Necesito+informaci%C3%B3n+sobre+Cytotec&amp;type=phone_number&amp;app_absent=0\">MISOTROL CHILE&nbsp;<\/a><\/p>\n\n\n\n<h3>VENDO MISOTROL CHILE<\/h3>\n\n\n\n<figure class=\"wp-block-image\"><img src=\"https:\/\/www.misoprostolchile.com\/wp-content\/uploads\/2023\/08\/pastilla_cytoitec_origial_ventadecytotec.png\" alt=\"\" class=\"wp-image-355\"\/><\/figure>\n\n\n\n<h2>Compra Pastillas Abortivas Originales Misotrol En Chile<\/h2>\n\n\n\n<p>Es fundamental elegir una opci\u00f3n segura y confiable si desea comprar misotrol las pastillas abortivas en Chile. Santiago Chile&nbsp;<strong>Vende Cytotec p\u00edldoras genuinas<\/strong>y de alta calidad a precios competitivos, y cada pedido va acompa\u00f1ado de una garant\u00eda de confidencialidad.<\/p>\n\n\n\n<figure class=\"wp-block-image\"><img src=\"https:\/\/www.misoprostolchile.com\/wp-content\/uploads\/elementor\/thumbs\/Venta-pastillas-cytotec-misoprostol-a-domicilio-gratis-qbqb2o0qk1hztjfcjrukqihijq3cnkgu5wsc2furg0.png\" alt=\"Venta pastillas cytotec misoprostol a domicilio gratis\" title=\"Venta pastillas cytotec misoprostol a domicilio gratis\"\/><\/figure>\n\n\n\n<p><strong>Misotrol chile<\/strong>&nbsp;como tambi\u00e9n Misotrol Santiago, somos el sitio oficial de venta de misotrol en todo santiago de chile y realizamos envios todas las&nbsp;<strong>Regiones de Chile<\/strong>, tenemos amplia experiencia en todo lo relacionado con las pastillas&nbsp;<strong>misotrol o cytotec<\/strong>, si necesitas ayuda real y con un producto original, comunicate con nosotros al \u260e\ufe0f&nbsp;<a href=\"https:\/\/api.whatsapp.com\/send\/?phone=56939206831&amp;text=hola+%2C+Necesito+informaci%C3%B3n&amp;type=phone_number&amp;app_absent=0\"><strong>+56 939206831,<\/strong><\/a>estamos en linea todos los dias de la semana y todos los dias del a\u00f1o para ayudarte en este dificil momento, no caigas en estafas de producto que son mas baratos, suele pasar en general que el producto no es original y no les provoca ninguna reacci\u00f3n al organismo, exige el producto sellado y rotulado, tal cual como el que vendemos en<a href=\"https:\/\/www.misoprostolchile.com\/precio-misotrol-chile\/\"><strong>&nbsp;misoprostol chile<\/strong><\/a>.<\/p>\n\n\n\n<p><a href=\"https:\/\/www.misoprostolchile.com\/misotrol-santiago\/\"><strong>Misotrol en santiago<\/strong><\/a>&nbsp;y entregas en todas las estaciones de metro a convenir con cada cliente.<a href=\"https:\/\/api.whatsapp.com\/send\/?phone=56985578768&amp;text=hola+%2C+Necesito+informaci%C3%B3n+sobre+Cytotec&amp;type=phone_number&amp;app_absent=0\">COMPRA MISOTROL<\/a><\/p>\n\n\n\n<h3>Expertos&nbsp;<\/h3>\n\n\n\n<h3>Atenci\u00f3n De Calidad&nbsp;<\/h3>\n\n\n\n<h3>Desde Casa&nbsp;<\/h3>\n\n\n\n<h3>Originales&nbsp;<\/h3>\n\n\n\n<h3>Laboratorios Reconocidos&nbsp;<\/h3>\n\n\n\n<h3>Compra Facil&nbsp;<\/h3>\n\n\n\n<h2>MISOPROSTOL&nbsp;<\/h2>\n\n\n\n<h2>\u00bfMisotrol Que Es?<\/h2>\n\n\n\n<p><strong>Misotrol<\/strong>&nbsp;es un t\u00e9rmino que se utiliza a menudo para referirse al medicamento<strong>Misoprostol<\/strong>. Es un an\u00e1logo sint\u00e9tico de la prostaglandina E1 que se usa com\u00fanmente en entornos m\u00e9dicos para diversos fines, incluida la inducci\u00f3n del parto y el tratamiento de la hemorragia posparto.<\/p>\n\n\n\n<p>El misoprostol tambi\u00e9n ha ganado atenci\u00f3n y controversia por su uso no autorizado para interrumpir el embarazo o inducir abortos, particularmente en \u00e1reas donde el acceso a servicios de aborto legales y seguros puede ser limitado.<\/p>\n\n\n\n<h2><a href=\"https:\/\/api.whatsapp.com\/send\/?phone=56974485757&amp;text=hola+%2C+Necesito+informaci%C3%B3n+sobre+Cytotec&amp;type=phone_number&amp;app_absent=0\">Compra Misotrol Sin Salir De Casa&nbsp;<strong>AQUI<\/strong><\/a><\/h2>\n\n\n\n<p><a href=\"https:\/\/api.whatsapp.com\/send\/?phone=56939206831&amp;text=hola+%2C+Necesito+informaci%C3%B3n&amp;type=phone_number&amp;app_absent=0\">SOLICITAR INFORMACI\u00d3N DE MISOTROL<\/a><\/p>\n\n\n\n<h2>Dedicados A La Salud De La Mujer<\/h2>\n\n\n\n<p>En&nbsp;<strong>misoprostolchile<\/strong>, le brindamos una forma segura y confiable de realizar pedidos de Cytotec chile en l\u00ednea sin tener que salir de casa. Nuestra misi\u00f3n es hacer que sea simple y conveniente para las mujeres obtener productos para la interrupci\u00f3n del embarazo de alta calidad. Con nuestro servicio en l\u00ednea, puede realizar su pedido cuando lo desee y recibirlo directamente en su puerta.<\/p>\n","protected":false},"excerpt":{"rendered":"<p>MISOTROL | VENTA DE MISOTROL | VENTA MISOTROL Compra tu pastillas misotrol a domicilio en Chile | Misotrol Chile, donde comprar misotrol en chile |\u260e\ufe0f&nbsp;+56 9 3920-6831&nbsp;\u2713 Env\u00edos discretos y rapidosCOMPRA MISOTROL ONLINE CALIDAD ORIGINALIDAD LABORATORIO PFIZER Bienvenida A Misotrol Chile El embarazo no deseado puede ser una experiencia desafiante y emocional, y acceder a las pastillas misotrol seguras y confiables puede ser dif\u00edcil, particularmente en ciertas regiones. Cuando nos enfrentamos a una situaci\u00f3n tan delicada, es importante encontrar una fuente confiable que proporcione misotrol auntentico para una interrupci\u00f3n segura y discreta del embarazo. Les presentamos nuestras pastillas abortivas 100%<\/p>\n","protected":false},"author":2,"featured_media":0,"parent":0,"menu_order":0,"comment_status":"closed","ping_status":"closed","template":"","meta":[],"featured_image_urls":{"full":"","thumbnail":"","medium":"","medium_large":"","large":"","1536x1536":"","2048x2048":"","thumbnail-medium":"","thumbnail-square":"","thumbnail-portrait":"","thumbnail-large":"","thumbnail-medium-nocrop":""},"post_excerpt_stackable":"<p>MISOTROL | VENTA DE MISOTROL | VENTA MISOTROL Compra tu pastillas misotrol a domicilio en Chile | Misotrol Chile, donde comprar misotrol en chile |\u260e\ufe0f&nbsp;+56 9 3920-6831&nbsp;\u2713 Env\u00edos discretos y rapidosCOMPRA MISOTROL ONLINE CALIDAD ORIGINALIDAD LABORATORIO PFIZER Bienvenida A Misotrol Chile El embarazo no deseado puede ser una experiencia desafiante y emocional, y acceder a las pastillas misotrol seguras y confiables puede ser dif\u00edcil, particularmente en ciertas regiones. Cuando nos enfrentamos a una situaci\u00f3n tan delicada, es importante encontrar una fuente confiable que proporcione misotrol auntentico para una interrupci\u00f3n segura y discreta del embarazo. Les presentamos nuestras pastillas abortivas 100%&hellip;<\/p>\n","category_list":"","author_info":{"name":"Revista Campus","url":"https:\/\/revistacampus.uandes.cl\/2021\/author\/campus2020\/"},"comments_num":"0 comments","_links":{"self":[{"href":"https:\/\/revistacampus.uandes.cl\/2021\/wp-json\/wp\/v2\/pages\/9377"}],"collection":[{"href":"https:\/\/revistacampus.uandes.cl\/2021\/wp-json\/wp\/v2\/pages"}],"about":[{"href":"https:\/\/revistacampus.uandes.cl\/2021\/wp-json\/wp\/v2\/types\/page"}],"author":[{"embeddable":true,"href":"https:\/\/revistacampus.uandes.cl\/2021\/wp-json\/wp\/v2\/users\/2"}],"replies":[{"embeddable":true,"href":"https:\/\/revistacampus.uandes.cl\/2021\/wp-json\/wp\/v2\/comments?post=9377"}],"version-history":[{"count":1,"href":"https:\/\/revistacampus.uandes.cl\/2021\/wp-json\/wp\/v2\/pages\/9377\/revisions"}],"predecessor-version":[{"id":9378,"href":"https:\/\/revistacampus.uandes.cl\/2021\/wp-json\/wp\/v2\/pages\/9377\/revisions\/9378"}],"wp:attachment":[{"href":"https:\/\/revistacampus.uandes.cl\/2021\/wp-json\/wp\/v2\/media?parent=9377"}],"curies":[{"name":"wp","href":"https:\/\/api.w.org\/{rel}","templated":true}]}}